  {"id":769,"date":"2019-01-07T12:12:59","date_gmt":"2019-01-07T12:12:59","guid":{"rendered":"http:\/\/schaubho.cyon.link\/?page_id=769"},"modified":"2026-05-04T11:53:08","modified_gmt":"2026-05-04T09:53:08","slug":"zaposleni","status":"publish","type":"page","link":"https:\/\/schaubhochl.ch\/sr\/zaposleni\/","title":{"rendered":"Zaposleni"},"content":{"rendered":"\t\t<div data-elementor-type=\"wp-post\" data-elementor-id=\"769\" class=\"elementor elementor-769 elementor-61\" data-elementor-post-type=\"page\">\n\t\t\t\t\t\t<section class=\"elementor-section elementor-top-section elementor-element elementor-element-7a300d8 elementor-section-boxed elementor-section-height-default elementor-section-height-default\" data-id=\"7a300d8\" data-element_type=\"section\">\n\t\t\t\t\t\t<div class=\"elementor-container elementor-column-gap-default\">\n\t\t\t\t\t<div class=\"elementor-column elementor-col-100 elementor-top-column elementor-element elementor-element-8c2d4ea\" data-id=\"8c2d4ea\" data-element_type=\"column\">\n\t\t\t<div class=\"elementor-widget-wrap elementor-element-populated\">\n\t\t\t\t\t\t<div class=\"elementor-element elementor-element-6753873 elementor-widget elementor-widget-spacer\" data-id=\"6753873\" data-element_type=\"widget\" data-widget_type=\"spacer.default\">\n\t\t\t\t<div class=\"elementor-widget-container\">\n\t\t\t\t\t\t\t<div class=\"elementor-spacer\">\n\t\t\t<div class=\"elementor-spacer-inner\"><\/div>\n\t\t<\/div>\n\t\t\t\t\t\t<\/div>\n\t\t\t\t<\/div>\n\t\t\t\t\t<\/div>\n\t\t<\/div>\n\t\t\t\t\t<\/div>\n\t\t<\/section>\n\t\t\t\t<section class=\"elementor-section elementor-top-section elementor-element elementor-element-40da826 elementor-section-boxed elementor-section-height-default elementor-section-height-default\" data-id=\"40da826\" data-element_type=\"section\">\n\t\t\t\t\t\t<div class=\"elementor-container elementor-column-gap-default\">\n\t\t\t\t\t<div class=\"elementor-column elementor-col-100 elementor-top-column elementor-element elementor-element-01677cb\" data-id=\"01677cb\" data-element_type=\"column\">\n\t\t\t<div class=\"elementor-widget-wrap elementor-element-populated\">\n\t\t\t\t\t\t<div class=\"elementor-element elementor-element-704f72b elementor-widget elementor-widget-spacer\" data-id=\"704f72b\" data-element_type=\"widget\" data-widget_type=\"spacer.default\">\n\t\t\t\t<div class=\"elementor-widget-container\">\n\t\t\t\t\t\t\t<div class=\"elementor-spacer\">\n\t\t\t<div class=\"elementor-spacer-inner\"><\/div>\n\t\t<\/div>\n\t\t\t\t\t\t<\/div>\n\t\t\t\t<\/div>\n\t\t\t\t\t<\/div>\n\t\t<\/div>\n\t\t\t\t\t<\/div>\n\t\t<\/section>\n\t\t\t\t<section class=\"elementor-section elementor-top-section elementor-element elementor-element-68c0341 elementor-section-boxed elementor-section-height-default elementor-section-height-default\" data-id=\"68c0341\" data-element_type=\"section\">\n\t\t\t\t\t\t<div class=\"elementor-container elementor-column-gap-default\">\n\t\t\t\t\t<div class=\"elementor-column elementor-col-33 elementor-top-column elementor-element elementor-element-8a1e0ef\" data-id=\"8a1e0ef\" data-element_type=\"column\">\n\t\t\t<div class=\"elementor-widget-wrap elementor-element-populated\">\n\t\t\t\t\t\t<div class=\"elementor-element elementor-element-b10762a elementor-widget elementor-widget-image\" data-id=\"b10762a\" data-element_type=\"widget\" data-widget_type=\"image.default\">\n\t\t\t\t<div class=\"elementor-widget-container\">\n\t\t\t\t\t\t\t\t\t\t\t\t\t\t\t<img decoding=\"async\" src=\"https:\/\/schaubhochl.ch\/wp-content\/uploads\/elementor\/thumbs\/FotoJanineHomepage-re5o5eelzl0oqzi1ei36vyj0ugnlf3hld4uzes3aeo.jpg\" title=\"FotoJanineHomepage\" alt=\"FotoJanineHomepage\" loading=\"lazy\" \/>\t\t\t\t\t\t\t\t\t\t\t\t\t\t\t<\/div>\n\t\t\t\t<\/div>\n\t\t\t\t\t<\/div>\n\t\t<\/div>\n\t\t\t\t<div class=\"elementor-column elementor-col-66 elementor-top-column elementor-element elementor-element-b8782b0\" data-id=\"b8782b0\" data-element_type=\"column\">\n\t\t\t<div class=\"elementor-widget-wrap elementor-element-populated\">\n\t\t\t\t\t\t<div class=\"elementor-element elementor-element-c2d2f79 elementor-widget elementor-widget-text-editor\" data-id=\"c2d2f79\" data-element_type=\"widget\" data-widget_type=\"text-editor.default\">\n\t\t\t\t<div class=\"elementor-widget-container\">\n\t\t\t\t\t\t\t\t\t<h2>Janine Zimmermann<\/h2><p>stud.iur.<\/p><h3>Obrazovanje \/ aktivnosti:<\/h3><dl><dt>od 2025<\/dt><dd>Assistentin bei Schaub Hochl Rechtsanw\u00e4lte AG<\/dd><dt>od 2020<\/dt><dd>Studium der Rechtswissenschaft, Universit\u00e4t Z\u00fcrich<\/dd><dt>2013 &#8211; 2019<\/dt><dd>Matur mit Schwerpunkt Latein, Kantonsschule Rychenberg<\/dd><\/dl><h3>Jezici<\/h3><p>Nema\u010dki, Engleski<\/p>\t\t\t\t\t\t\t\t<\/div>\n\t\t\t\t<\/div>\n\t\t\t\t\t<\/div>\n\t\t<\/div>\n\t\t\t\t\t<\/div>\n\t\t<\/section>\n\t\t\t\t<section class=\"elementor-section elementor-top-section elementor-element elementor-element-5922a36 elementor-section-boxed elementor-section-height-default elementor-section-height-default\" data-id=\"5922a36\" data-element_type=\"section\">\n\t\t\t\t\t\t<div class=\"elementor-container elementor-column-gap-default\">\n\t\t\t\t\t<div class=\"elementor-column elementor-col-33 elementor-top-column elementor-element elementor-element-3168349\" data-id=\"3168349\" data-element_type=\"column\">\n\t\t\t<div class=\"elementor-widget-wrap elementor-element-populated\">\n\t\t\t\t\t\t<div class=\"elementor-element elementor-element-aeb7018 elementor-widget elementor-widget-image\" data-id=\"aeb7018\" data-element_type=\"widget\" data-widget_type=\"image.default\">\n\t\t\t\t<div class=\"elementor-widget-container\">\n\t\t\t\t\t\t\t\t\t\t\t\t\t\t\t<img fetchpriority=\"high\" decoding=\"async\" width=\"224\" height=\"292\" src=\"https:\/\/schaubhochl.ch\/wp-content\/uploads\/2026\/05\/IMG_1901.jpeg\" class=\"attachment-full size-full wp-image-3678\" alt=\"\" \/>\t\t\t\t\t\t\t\t\t\t\t\t\t\t\t<\/div>\n\t\t\t\t<\/div>\n\t\t\t\t\t<\/div>\n\t\t<\/div>\n\t\t\t\t<div class=\"elementor-column elementor-col-66 elementor-top-column elementor-element elementor-element-d5c5b09\" data-id=\"d5c5b09\" data-element_type=\"column\">\n\t\t\t<div class=\"elementor-widget-wrap elementor-element-populated\">\n\t\t\t\t\t\t<div class=\"elementor-element elementor-element-8a7cb7e elementor-widget elementor-widget-text-editor\" data-id=\"8a7cb7e\" data-element_type=\"widget\" data-widget_type=\"text-editor.default\">\n\t\t\t\t<div class=\"elementor-widget-container\">\n\t\t\t\t\t\t\t\t\t<h2>Anela Ademi<\/h2><p>stud.iur.<\/p><h3>Obrazovanje \/ aktivnosti:<\/h3><dl><dt>od 2026<\/dt><dd>Assistentin bei Schaub Hochl Rechtsanw\u00e4lte AG<\/dd><dt>od 2022<\/dt><dd>Studium der Rechtswissenschaft, Universit\u00e4t Z\u00fcrich<\/dd><dt>2018 &#8211; 2022<\/dt><dd>Matur mit Schwerpunkt Spanisch, Kantonsschule Schaffhausen<\/dd><\/dl><h3>Jezici<\/h3><p>Nema\u010dki, Engleski, Srpski\/Hrvatski, Francuski, \u0160panski<\/p>\t\t\t\t\t\t\t\t<\/div>\n\t\t\t\t<\/div>\n\t\t\t\t\t<\/div>\n\t\t<\/div>\n\t\t\t\t\t<\/div>\n\t\t<\/section>\n\t\t\t\t<\/div>\n\t\t","protected":false},"excerpt":{"rendered":"<p>Janine Zimmermann stud.iur. Obrazovanje \/ aktivnosti: od 2025 Assistentin bei Schaub Hochl Rechtsanw\u00e4lte AG od 2020 Studium der Rechtswissenschaft, Universit\u00e4t Z\u00fcrich 2013 &#8211; 2019 Matur mit Schwerpunkt Latein, Kantonsschule Rychenberg Jezici Nema\u010dki, Engleski Anela Ademi stud.iur. Obrazovanje \/ aktivnosti: od 2026 Assistentin bei Schaub Hochl Rechtsanw\u00e4lte AG od 2022 Studium der Rechtswissenschaft, Universit\u00e4t Z\u00fcrich 2018 &#8230; <a title=\"Zaposleni\" class=\"read-more\" href=\"https:\/\/schaubhochl.ch\/sr\/zaposleni\/\" aria-label=\"Read more about Zaposleni\">Read more<\/a><\/p>\n","protected":false},"author":1,"featured_media":1695,"parent":0,"menu_order":3,"comment_status":"closed","ping_status":"closed","template":"","meta":{"generate_page_header":"","footnotes":""},"class_list":{"0":"post-769","1":"page","2":"type-page","3":"status-publish","4":"has-post-thumbnail","6":"p863"},"publishpress_future_action":{"enabled":false,"date":"2026-05-12 13:28:00","action":"change-status","newStatus":"draft","terms":[],"taxonomy":"translation_priority","extraData":[]},"publishpress_future_workflow_manual_trigger":{"enabledWorkflows":[]},"_links":{"self":[{"href":"https:\/\/schaubhochl.ch\/sr\/wp-json\/wp\/v2\/pages\/769","targetHints":{"allow":["GET"]}}],"collection":[{"href":"https:\/\/schaubhochl.ch\/sr\/wp-json\/wp\/v2\/pages"}],"about":[{"href":"https:\/\/schaubhochl.ch\/sr\/wp-json\/wp\/v2\/types\/page"}],"author":[{"embeddable":true,"href":"https:\/\/schaubhochl.ch\/sr\/wp-json\/wp\/v2\/users\/1"}],"replies":[{"embeddable":true,"href":"https:\/\/schaubhochl.ch\/sr\/wp-json\/wp\/v2\/comments?post=769"}],"version-history":[{"count":65,"href":"https:\/\/schaubhochl.ch\/sr\/wp-json\/wp\/v2\/pages\/769\/revisions"}],"predecessor-version":[{"id":3691,"href":"https:\/\/schaubhochl.ch\/sr\/wp-json\/wp\/v2\/pages\/769\/revisions\/3691"}],"wp:featuredmedia":[{"embeddable":true,"href":"https:\/\/schaubhochl.ch\/sr\/wp-json\/wp\/v2\/media\/1695"}],"wp:attachment":[{"href":"https:\/\/schaubhochl.ch\/sr\/wp-json\/wp\/v2\/media?parent=769"}],"curies":[{"name":"wp","href":"https:\/\/api.w.org\/{rel}","templated":true}]}}