  {"id":765,"date":"2019-01-07T12:11:13","date_gmt":"2019-01-07T12:11:13","guid":{"rendered":"http:\/\/schaubho.cyon.link\/?page_id=765"},"modified":"2019-10-18T16:38:44","modified_gmt":"2019-10-18T14:38:44","slug":"karin-hochl","status":"publish","type":"page","link":"https:\/\/schaubhochl.ch\/sr\/advokati\/karin-hochl\/","title":{"rendered":"Karin Hochl"},"content":{"rendered":"\t\t<div data-elementor-type=\"wp-post\" data-elementor-id=\"765\" class=\"elementor elementor-765 elementor-71\" data-elementor-post-type=\"page\">\n\t\t\t\t\t\t<section class=\"elementor-section elementor-top-section elementor-element elementor-element-7dd9ffe elementor-section-boxed elementor-section-height-default elementor-section-height-default\" data-id=\"7dd9ffe\" data-element_type=\"section\">\n\t\t\t\t\t\t<div class=\"elementor-container elementor-column-gap-default\">\n\t\t\t\t\t<div class=\"elementor-column elementor-col-100 elementor-top-column elementor-element elementor-element-32adbd1\" data-id=\"32adbd1\" data-element_type=\"column\">\n\t\t\t<div class=\"elementor-widget-wrap elementor-element-populated\">\n\t\t\t\t\t\t<div class=\"elementor-element elementor-element-aa20814 elementor-widget elementor-widget-text-editor\" data-id=\"aa20814\" data-element_type=\"widget\" data-widget_type=\"text-editor.default\">\n\t\t\t\t<div class=\"elementor-widget-container\">\n\t\t\t\t\t\t\t\t\t<h4 class=\"job-title\">Advokat, lic. iur. HSG<\/h4>\t\t\t\t\t\t\t\t<\/div>\n\t\t\t\t<\/div>\n\t\t\t\t\t<\/div>\n\t\t<\/div>\n\t\t\t\t\t<\/div>\n\t\t<\/section>\n\t\t\t\t<section class=\"elementor-section elementor-top-section elementor-element elementor-element-30242c0 elementor-section-boxed elementor-section-height-default elementor-section-height-default\" data-id=\"30242c0\" data-element_type=\"section\">\n\t\t\t\t\t\t<div class=\"elementor-container elementor-column-gap-default\">\n\t\t\t\t\t<div class=\"elementor-column elementor-col-100 elementor-top-column elementor-element elementor-element-00d359a\" data-id=\"00d359a\" data-element_type=\"column\">\n\t\t\t<div class=\"elementor-widget-wrap elementor-element-populated\">\n\t\t\t\t\t\t<div class=\"elementor-element elementor-element-d1e2ec6 elementor-tabs-view-horizontal elementor-widget elementor-widget-tabs\" data-id=\"d1e2ec6\" data-element_type=\"widget\" data-widget_type=\"tabs.default\">\n\t\t\t\t<div class=\"elementor-widget-container\">\n\t\t\t\t\t\t\t<div class=\"elementor-tabs\">\n\t\t\t<div class=\"elementor-tabs-wrapper\" role=\"tablist\" >\n\t\t\t\t\t\t\t\t\t<div id=\"elementor-tab-title-2201\" class=\"elementor-tab-title elementor-tab-desktop-title\" aria-selected=\"true\" data-tab=\"1\" role=\"tab\" tabindex=\"0\" aria-controls=\"elementor-tab-content-2201\" aria-expanded=\"false\">Usluge<\/div>\n\t\t\t\t\t\t\t\t\t<div id=\"elementor-tab-title-2202\" class=\"elementor-tab-title elementor-tab-desktop-title\" aria-selected=\"false\" data-tab=\"2\" role=\"tab\" tabindex=\"-1\" aria-controls=\"elementor-tab-content-2202\" aria-expanded=\"false\">Jezici<\/div>\n\t\t\t\t\t\t\t\t\t<div id=\"elementor-tab-title-2203\" class=\"elementor-tab-title elementor-tab-desktop-title\" aria-selected=\"false\" data-tab=\"3\" role=\"tab\" tabindex=\"-1\" aria-controls=\"elementor-tab-content-2203\" aria-expanded=\"false\">Publikacije<\/div>\n\t\t\t\t\t\t\t<\/div>\n\t\t\t<div class=\"elementor-tabs-content-wrapper\" role=\"tablist\" aria-orientation=\"vertical\">\n\t\t\t\t\t\t\t\t\t<div class=\"elementor-tab-title elementor-tab-mobile-title\" aria-selected=\"true\" data-tab=\"1\" role=\"tab\" tabindex=\"0\" aria-controls=\"elementor-tab-content-2201\" aria-expanded=\"false\">Usluge<\/div>\n\t\t\t\t\t<div id=\"elementor-tab-content-2201\" class=\"elementor-tab-content elementor-clearfix\" data-tab=\"1\" role=\"tabpanel\" aria-labelledby=\"elementor-tab-title-2201\" tabindex=\"0\" hidden=\"false\"><div class=\"resp-tab-content resp-tab-content-active\" aria-labelledby=\"tab_item-0\"><h3>Nasledno pravo (ostavinski postupak i dr.)<\/h3><ul><li>Predbra\u010dni ugovor, testament, testamentarni ugovor<\/li><li>Nalog o staranju u starosti ( gubitak poslovne sposobnosti), odluka pacijenta<\/li><li>Podela nasledstva, upravljanje zaostav\u0161tvinom<\/li><li>Izvr\u0161avanje testamenta, zastupanje naslednika u ostavinskom i drugim postupcima<\/li><li>Prodaja nekretnina, likvidacija zaostav\u0161tvine (uklj. umetni\u010dka dela i kolekcionarske objekte)<\/li><li>Tu\u017ebe radi deobe nasledstva, tu\u017ebe radi sni\u017eenja i pove\u0107anja naslednog dela i odbrana od istih<\/li><li>Savetovanje u vezi sa poreskim pitanjima<\/li><\/ul><h3>Reproduktivna medicina i surogatno materinstvo<\/h3><ul><li>Savetovanje o surogatnom materinstvu (SAD)<\/li><li>Priznavanje u \u0160vajcarskoj roditeljskih odnosa nastalih u inostranstvu putem surogatnog materinstva<\/li><\/ul><h3>Istopolni parovi i LGBT osobe<\/h3><ul><li>Partnersko pravo, konkubinat<\/li><li>Planiranje porodice kod istopolnih parova (uklju\u010duju\u0107i me\u0111unarodne veze)<\/li><li>Saradnja sa krovnim udru\u017eenjem Porodice duginih boja (Dachverband Regenbogenfamilien) i organizacijom Family Project<\/li><li>Promena imena i prilago\u0111avanje pola<\/li><li>Ugovor o imovini, testament, ugovor o nasledstvu<\/li><li>Poreska i pravna pitanja vezana za staranje u starosti<\/li><\/ul><h3>Stvarno pravo (imovinsko -pravni odnosi u vezi sa nekretninama)<\/h3><ul><li>Nekretnine i njihovo kori\u0161\u0107enje<\/li><li>Izrada kupoprodajnih ugovora<\/li><li>Optere\u0107enje i upis prava kori\u0161\u0107enja nekretnina<\/li><li>Pravo na kori\u0161\u0107enje i stambeno pravo<\/li><li>Porez na zaradu od parcela<\/li><li>Prodaja nekretnina<\/li><\/ul><h3>Osiguranje i staranje u starosti (gubitak poslovne sposobnosti)<\/h3><ul><li>Penziona kasa i stub 3a<\/li><li>Starosno i nasledni\u010dko osiguranje (AHV) i dodatna pla\u0107anja<\/li><li>Odluka pacijenta i nalog o staranju u starosti<\/li><\/ul><h3>Porodicno pravo (razvod braka i dr.)<\/h3><ul><li>Savetovanje u vezi sa imovinsko-pravnim odnosima bracnih i vanbracnih partnera<\/li><li>Odvojeni \u017eivot (Sporazum o razdvajanju)<\/li><li>Razvod braka (konvencija o razvodu), uklju\u010duju\u0107i i me\u0111unarodne veze (IPRG)<\/li><li>Imovinski sporovi<\/li><li>Prodaja ili prenos nekretnina<\/li><li>Poreska i pravna pitanja vezana za staranje u starosti<\/li><li>Regulisanje izdr\u017eavanja<\/li><\/ul><h3>Prinudna naplata i uklanjanje pravnih prepreka u postupku prinudne naplate<\/h3><ul><li>Naplata potra\u017eivanja putem prinudne naplate i ste\u010daja<\/li><li>Postupak uklanjanje pravnih prepreka u postupku prinudne naplate<\/li><li>Osiguranje imovine posredstvom zaplene<\/li><li>Izvr\u0161avanje stranih sudskih odluka i drugih du\u017eni\u010dkih instrumenata<\/li><\/ul><\/div><\/div>\n\t\t\t\t\t\t\t\t\t<div class=\"elementor-tab-title elementor-tab-mobile-title\" aria-selected=\"false\" data-tab=\"2\" role=\"tab\" tabindex=\"-1\" aria-controls=\"elementor-tab-content-2202\" aria-expanded=\"false\">Jezici<\/div>\n\t\t\t\t\t<div id=\"elementor-tab-content-2202\" class=\"elementor-tab-content elementor-clearfix\" data-tab=\"2\" role=\"tabpanel\" aria-labelledby=\"elementor-tab-title-2202\" tabindex=\"0\" hidden=\"hidden\"><p>Nema\u010dki, engleski, francuski<\/p><h3>Obrazovanje<\/h3><dl><dt>2005<\/dt><dd>Advokatska licenca, kanton Bern<\/dd><dt>2001<\/dt><dd>Diplomiranje (Lizenziat) na Univerzitetu u Sent Galenu (HSG)<\/dd><dt>1986 &#8211; 1989<\/dt><dd>Srednje trgova\u010dko obrazovanje, Vintertur<\/dd><\/dl><h3>Stru\u010dno usavr\u0161avanje<\/h3><dl><dt>Feb. 2014<\/dt><dd>Bra\u010dno-imovinsko pravo (skup SJVZ)<\/dd><dt>Nov. 2013<\/dt><dd>Planiranje ostavine u praksi (skup SJVZ)<\/dd><dt>Juni 2013<\/dt><dd>Kombinoviani bra\u010dno-ostavinski sporazumi (stru\u010dna grupa za ostavinsko pravo)<\/dd><dt>April 2012<\/dt><dd>Dopunska davanja i ostavinsko pravo (stru\u010dna grupa za ostavinsko pravo)<\/dd><dt>Jan 2012<\/dt><dd>Izmene u pravu nekretnina (konferencija SJVZ)<\/dd><\/dl><h3>Profesionalne aktivnosti<\/h3><dl><dt>od 2006<\/dt><dd>Partner u advokatskoj kancleraiji Schaub Hochl<\/dd><dt>2005 \u2013 2006<\/dt><dd>Avdokat u jednoj od advokatskih kancelarija u Vinterturu<\/dd><dt>2003 \u2013 2005<\/dt><dd>Pravni savetnik kod Pravnog osiguranja Protekta u Bernu<\/dd><dt>2002 \u2013 2003<\/dt><dd>Pravnik na prvostepenom sudu u kantonu Bern<\/dd><dt>2002<\/dt><dd>Pravnica u advokatskoj kancelariji u Bernu<\/dd><dt>2001<\/dt><dd>Pravnica pri Vi\u0161em sudu (Obergericht) kantona Bern<\/dd><dt>1997 \u2013 1999<\/dt><dd>Slu\u017ebenica u advokatskoj kancelariji u Sent Galenu<\/dd><dt>1993 \u2013 1996<\/dt><dd>Pozori\u0161te Tourneetheater u Cirihu<\/dd><dt>1986 \u2013 1990<\/dt><dd>Komercijalno srednje obrazovanje u advokatskoj kancelariji u Vinterturu<\/dd><\/dl><h3>\u010clanstvo<\/h3><ul><li>Ciri\u0161ka i \u0161vajcarska advokatska komora<\/li><li>Stru\u010dna grupa za ostavinsko pravo Ciri\u0161ke advokatske komore<\/li><li>Stru\u010dna grupa za porodi\u010dno pravo Ciri\u0161ke advokatske komore<\/li><li>Udru\u017eenje Successio<\/li><li>Pravna slu\u017eba Pro Juventute, podru\u010dje ostavinskog prava<\/li><li>Krovno udru\u017eenje Porodice duginih boja (Dachverband Regenbogenfamilien)<\/li><li>American Bar Association (ABA), Section of Family Law (Alternative Families Committee, Assisted Reproductive Technologies Committee)<\/li><\/ul><\/div>\n\t\t\t\t\t\t\t\t\t<div class=\"elementor-tab-title elementor-tab-mobile-title\" aria-selected=\"false\" data-tab=\"3\" role=\"tab\" tabindex=\"-1\" aria-controls=\"elementor-tab-content-2203\" aria-expanded=\"false\">Publikacije<\/div>\n\t\t\t\t\t<div id=\"elementor-tab-content-2203\" class=\"elementor-tab-content elementor-clearfix\" data-tab=\"3\" role=\"tabpanel\" aria-labelledby=\"elementor-tab-title-2203\" tabindex=\"0\" hidden=\"hidden\"><h2>Themen<\/h2><p><div class=\"publications-person\"><h3 class=\"publications-category\">Adoption<\/h3><div class=\"grid-element publication post-2648 publications type-publications status-publish hentry publications_category-adoption publications_category-gleichgeschlechtliche-paare-und-lgbts p184\" id=\"post-2648\"><a href=\"https:\/\/schaubhochl.ch\/sr\/publications\/stiefkindadoption-keine-vaterschaftsanerkennung-durch-den-privaten-samenspender-erforderlich\/\">Stiefkindadoption &#8211; Keine Vaterschaftsanerkennung durch den privaten Samenspender erforderlich<\/a><\/div>\n<div class=\"grid-element publication post-2351 publications type-publications status-publish hentry publications_category-adoption p184\" id=\"post-2351\"><a href=\"https:\/\/schaubhochl.ch\/sr\/publications\/adoption-im-ueberblick\/\">Adoption im \u00dcberblick<\/a><\/div>\n<div class=\"grid-element publication post-1413 publications type-publications status-publish hentry publications_category-adoption publications_category-gleichgeschlechtliche-paare-und-lgbts p184\" id=\"post-1413\"><a href=\"https:\/\/schaubhochl.ch\/sr\/publications\/kinderwunsch-bei-lesben-risiken-und-nebenwirkungen\/\">Kinderwunsch bei Lesben \u2013 Risiken und Nebenwirkungen<\/a><\/div>\n<div class=\"grid-element publication post-275 publications type-publications status-publish hentry publications_category-adoption p184\" id=\"post-275\"><a href=\"https:\/\/schaubhochl.ch\/sr\/publications\/kinder-duerfen-jetzt-offiziell-zwei-papis-oder-mamis-haben-stiefkind-adoption-boomt-artikel-in-watson-vom-juli-2018\/\">Kinder d\u00fcrfen jetzt offiziell zwei Papis oder Mamis haben \u2013 Stiefkindadoption f\u00fcr gleichgeschlechtliche Paare erlaubt<\/a><\/div>\n<div class=\"grid-element publication post-277 publications type-publications status-publish hentry publications_category-adoption p184\" id=\"post-277\"><a href=\"https:\/\/schaubhochl.ch\/sr\/publications\/neues-adoptionsrecht-stiefkindadoption-fuer-gleichgeschlechtliche-paare-referat-zuerich-januar-2018\/\">Neues Adoptionsrecht ab Januar 2018 \u2013 Voraussetzungen und Wirkungen der Stiefkindadoption f\u00fcr gleichgeschlechtliche Paare<\/a><\/div>\n<div class=\"grid-element publication post-279 publications type-publications status-publish hentry publications_category-adoption p184\" id=\"post-279\"><a href=\"https:\/\/schaubhochl.ch\/sr\/publications\/stiefkindadoption-fuer-homosexuelle-paare-artikel-in-der-zeitschrift-pach-vom-juni-2017\/\">Stiefkindadoption f\u00fcr homosexuelle Paare<\/a><\/div>\n<h3 class=\"publications-category\">Istopolni parovi i LGBT osobe<\/h3><div class=\"grid-element publication post-2974 publications type-publications status-publish hentry publications_category-gleichgeschlechtliche-paare-und-lgbts p184\" id=\"post-2974\"><a href=\"https:\/\/schaubhochl.ch\/sr\/publications\/ehe-fuer-alle-und-kinder\/\">&#8222;Ehe f\u00fcr alle&#8220; und Kinder<\/a><\/div>\n<div class=\"grid-element publication post-2847 publications type-publications status-publish hentry publications_category-gleichgeschlechtliche-paare-und-lgbts p184\" id=\"post-2847\"><a href=\"https:\/\/schaubhochl.ch\/sr\/publications\/ehe-fuer-alle\/\">&#8222;Ehe f\u00fcr alle&#8220; im \u00dcberblick<\/a><\/div>\n<div class=\"grid-element publication post-2782 publications type-publications status-publish hentry publications_category-gleichgeschlechtliche-paare-und-lgbts publications_category-scheidung-und-trennung p1935 p184\" id=\"post-2782\"><a href=\"https:\/\/schaubhochl.ch\/sr\/publications\/besuchsrecht-fuer-die-co-mutter-nach-aufloesung-der-eingetragenen-partnerschaft-urteil-des-bundesgerichts-vom-16-maerz-2021\/\">Besuchsrecht f\u00fcr die Co-Mutter nach Aufl\u00f6sung der eingetragenen Partnerschaft &#8211; Urteil des Bundesgerichts vom 16. M\u00e4rz 2021<\/a><\/div>\n<div class=\"grid-element publication post-2648 publications type-publications status-publish hentry publications_category-adoption publications_category-gleichgeschlechtliche-paare-und-lgbts p184\" id=\"post-2648\"><a href=\"https:\/\/schaubhochl.ch\/sr\/publications\/stiefkindadoption-keine-vaterschaftsanerkennung-durch-den-privaten-samenspender-erforderlich\/\">Stiefkindadoption &#8211; Keine Vaterschaftsanerkennung durch den privaten Samenspender erforderlich<\/a><\/div>\n<div class=\"grid-element publication post-2423 publications type-publications status-publish hentry publications_category-gleichgeschlechtliche-paare-und-lgbts p184\" id=\"post-2423\"><a href=\"https:\/\/schaubhochl.ch\/sr\/publications\/gesetzesvorlage-ehe-fuer-alle-wer-darf-eltern-sein\/\">Gesetzesvorlage &#8222;Ehe f\u00fcr alle&#8220;: Wer darf Eltern sein?<\/a><\/div>\n<div class=\"grid-element publication post-2112 publications type-publications status-publish hentry publications_category-gleichgeschlechtliche-paare-und-lgbts p184\" id=\"post-2112\"><a href=\"https:\/\/schaubhochl.ch\/sr\/publications\/ehe-fuer-alle-interview-im-tages-anzeiger-zur-neuen-gesetzesvorlage\/\">&#8222;Ehe f\u00fcr alle&#8220; &#8211; Interview mit Rechtsanw\u00e4ltin Karin Hochl im Tages-Anzeiger zur neuen Gesetzesvorlage<\/a><\/div>\n<div class=\"grid-element publication post-2070 publications type-publications status-publish hentry publications_category-gleichgeschlechtliche-paare-und-lgbts p184\" id=\"post-2070\"><a href=\"https:\/\/schaubhochl.ch\/sr\/publications\/transgender-die-geschlechtsanpassung-im-recht\/\">Transgender &#8211; die Geschlechtsanpassung im Recht<\/a><\/div>\n<div class=\"grid-element publication post-2049 publications type-publications status-publish hentry publications_category-gleichgeschlechtliche-paare-und-lgbts p184\" id=\"post-2049\"><a href=\"https:\/\/schaubhochl.ch\/sr\/publications\/eltern-zweiter-klasse-im-konflikt-mit-der-kesb\/\">&#8222;Eltern zweiter Klasse&#8220; im Konflikt mit der KESB<\/a><\/div>\n<div class=\"grid-element publication post-1413 publications type-publications status-publish hentry publications_category-adoption publications_category-gleichgeschlechtliche-paare-und-lgbts p184\" id=\"post-1413\"><a href=\"https:\/\/schaubhochl.ch\/sr\/publications\/kinderwunsch-bei-lesben-risiken-und-nebenwirkungen\/\">Kinderwunsch bei Lesben \u2013 Risiken und Nebenwirkungen<\/a><\/div>\n<div class=\"grid-element publication post-1157 publications type-publications status-publish hentry publications_category-gleichgeschlechtliche-paare-und-lgbts p184\" id=\"post-1157\"><a href=\"https:\/\/schaubhochl.ch\/sr\/publications\/ehe-fuer-alle-all-inclusive-zugang-zur-fortpflanzungsmedizin-ist-ein-gebot-der-gleichbehandlung-maerz-2019\/\">&#8222;Ehe f\u00fcr alle&#8220; all inclusive \u2013 mit Zugang zur Fortpflanzungsmedizin<\/a><\/div>\n<div class=\"grid-element publication post-288 publications type-publications status-publish hentry publications_category-gleichgeschlechtliche-paare-und-lgbts p184\" id=\"post-288\"><a href=\"https:\/\/schaubhochl.ch\/sr\/publications\/gleichheit-verschiedenheit-die-rechtliche-regelung-gleichgeschlechtlicher-partnerschaften-in-der-schweiz-im-verhaeltnis-zur-ehe\/\">Gleichheit &#8211; Verschiedenheit. Die rechtliche Regelung gleichgeschlechtlicher Partnerschaften in der Schweiz im Verh\u00e4ltnis zur Ehe<\/a><\/div>\n<div class=\"grid-element publication post-286 publications type-publications status-publish hentry publications_category-gleichgeschlechtliche-paare-und-lgbts p184\" id=\"post-286\"><a href=\"https:\/\/schaubhochl.ch\/sr\/publications\/anhoerungs-und-informationsrechte-des-ehepartners-bei-feststellung-einer-geschlechtsaenderung\/\">Anh\u00f6rungs- und Informationsrechte des Ehepartners bei Feststellung einer Geschlechts\u00e4nderung<\/a><\/div>\n<div class=\"grid-element publication post-284 publications type-publications status-publish hentry publications_category-gleichgeschlechtliche-paare-und-lgbts p184\" id=\"post-284\"><a href=\"https:\/\/schaubhochl.ch\/sr\/publications\/recht-auf-ehe-fuer-alle\/\">Recht auf Ehe f\u00fcr alle<\/a><\/div>\n<div class=\"grid-element publication post-282 publications type-publications status-publish hentry publications_category-gleichgeschlechtliche-paare-und-lgbts p184\" id=\"post-282\"><a href=\"https:\/\/schaubhochl.ch\/sr\/publications\/regenbogenfamilien-im-heutigen-familienrecht-referat-kesb-stadt-zuerich\/\">Regenbogenfamilien im heutigen Familienrecht<\/a><\/div>\n<h3 class=\"publications-category\">Ostavinsko pravo<\/h3><div class=\"grid-element publication post-2789 publications type-publications status-publish hentry publications_category-erbrecht p184\" id=\"post-2789\"><a href=\"https:\/\/schaubhochl.ch\/sr\/publications\/neues-erbrecht-ab-1-januar-2023\/\">Neues Erbrecht ab 1. Januar 2023<\/a><\/div>\n<div class=\"grid-element publication post-1639 publications type-publications status-publish hentry publications_category-erbrecht p184\" id=\"post-1639\"><a href=\"https:\/\/schaubhochl.ch\/sr\/publications\/gesetzliches-erbrecht-und-pflichtteilsansprueche\/\">Gesetzliche Erbteile und Pflichtteilsanspr\u00fcche<\/a><\/div>\n<div class=\"grid-element publication post-248 publications type-publications status-publish hentry publications_category-erbrecht p184\" id=\"post-248\"><a href=\"https:\/\/schaubhochl.ch\/sr\/publications\/vorsorge-und-nachlassplanung-bei-regenbogenfamilien\/\">Vorsorge und Nachlassplanung bei Regenbogenfamilien<\/a><\/div>\n<h3 class=\"publications-category\">Reproduktivna medicina i surogatno materinstvo<\/h3><div class=\"grid-element publication post-3636 publications type-publications status-publish hentry publications_category-fortpflanzungsmedizin-und-leihmutterschaft p184\" id=\"post-3636\"><a href=\"https:\/\/schaubhochl.ch\/sr\/publications\/samenspende-eizellenspende-und-leihmutterschaft-referat-zav-vom-20-januar-2026\/\">Samenspende, Eizellenspende und Leihmutterschaft &#8211; Referat ZAV vom 20. Januar 2026<\/a><\/div>\n<div class=\"grid-element publication post-2944 publications type-publications status-publish hentry publications_category-fortpflanzungsmedizin-und-leihmutterschaft p184\" id=\"post-2944\"><a href=\"https:\/\/schaubhochl.ch\/sr\/publications\/leihmutterschaft-im-ueberblick\/\">Leihmutterschaft im \u00dcberblick<\/a><\/div>\n<div class=\"grid-element publication post-2907 publications type-publications status-publish hentry publications_category-fortpflanzungsmedizin-und-leihmutterschaft p184\" id=\"post-2907\"><a href=\"https:\/\/schaubhochl.ch\/sr\/publications\/leihmutterschaft-im-ausland-urteil-des-bundesgerichts-vom-7-februar-2022\/\">Leihmutterschaft im Ausland &#8211; Urteil des Bundesgerichts vom 7. Februar 2022 (5A_545\/2020)<\/a><\/div>\n<div class=\"grid-element publication post-2864 publications type-publications status-publish hentry publications_category-fortpflanzungsmedizin-und-leihmutterschaft p184\" id=\"post-2864\"><a href=\"https:\/\/schaubhochl.ch\/sr\/publications\/leihmutterschaft-in-georgien-artikel-im-tagesanzeiger-vom-9-februar-2022\/\">Leihmutterschaft \u2013 Artikel im Tagesanzeiger vom 9. Februar 2022<\/a><\/div>\n<div class=\"grid-element publication post-271 publications type-publications status-publish hentry publications_category-fortpflanzungsmedizin-und-leihmutterschaft p184\" id=\"post-271\"><a href=\"https:\/\/schaubhochl.ch\/sr\/publications\/medizinisch-unterstuetzte-fortpflanzung-in-der-schweiz\/\">Fortpflanzungsmedizin in der Schweiz im \u00dcberblick<\/a><\/div>\n<div class=\"grid-element publication post-1144 publications type-publications status-publish hentry publications_category-fortpflanzungsmedizin-und-leihmutterschaft p184\" id=\"post-1144\"><a href=\"https:\/\/schaubhochl.ch\/sr\/publications\/auserwaehlte-aspekte-zur-fortpflanzungsmedizin-in-der-schweiz-input-referat-fachkommission-sexuelle-orientierung-und-geschlechtsidentitaet-maerz-2019\/\">Auserw\u00e4hlte Aspekte zur Fortpflanzungsmedizin in der Schweiz<\/a><\/div>\n<div class=\"grid-element publication post-261 publications type-publications status-publish hentry publications_category-fortpflanzungsmedizin-und-leihmutterschaft p184\" id=\"post-261\"><a href=\"https:\/\/schaubhochl.ch\/sr\/publications\/leihmutterschaft-im-ausland-anerkennung-der-elternschaft\/\">Leihmutterschaft im Ausland \u2013 Leitentscheid 2015 zur Anerkennung der Elternschaft<\/a><\/div>\n<div class=\"grid-element publication post-259 publications type-publications status-publish hentry publications_category-fortpflanzungsmedizin-und-leihmutterschaft p184\" id=\"post-259\"><a href=\"https:\/\/schaubhochl.ch\/sr\/publications\/leihmutterschaft-im-ausland-interview-in-den-wiler-nachrichten-vom-08-02-2018\/\">Leihmutterschaft im Ausland \u2013 Interview in den Wiler Nachrichten<\/a><\/div>\n<\/div><\/p><\/div>\n\t\t\t\t\t\t\t<\/div>\n\t\t<\/div>\n\t\t\t\t\t\t<\/div>\n\t\t\t\t<\/div>\n\t\t\t\t\t<\/div>\n\t\t<\/div>\n\t\t\t\t\t<\/div>\n\t\t<\/section>\n\t\t\t\t<\/div>\n\t\t","protected":false},"excerpt":{"rendered":"<p>Advokat, lic. iur. HSG Usluge Jezici Publikacije Usluge Nasledno pravo (ostavinski postupak i dr.) Predbra\u010dni ugovor, testament, testamentarni ugovor Nalog o staranju u starosti ( gubitak poslovne sposobnosti), odluka pacijenta Podela nasledstva, upravljanje zaostav\u0161tvinom Izvr\u0161avanje testamenta, zastupanje naslednika u ostavinskom i drugim postupcima Prodaja nekretnina, likvidacija zaostav\u0161tvine (uklj. umetni\u010dka dela i kolekcionarske objekte) Tu\u017ebe radi &#8230; <a title=\"Leihmutterschaft im Ausland \u2013 Interview in den Wiler Nachrichten\" class=\"read-more\" href=\"https:\/\/schaubhochl.ch\/sr\/publications\/leihmutterschaft-im-ausland-interview-in-den-wiler-nachrichten-vom-08-02-2018\/\" aria-label=\"Read more about Leihmutterschaft im Ausland \u2013 Interview in den Wiler Nachrichten\">Read more<\/a><\/p>\n","protected":false},"author":1,"featured_media":120,"parent":721,"menu_order":2,"comment_status":"closed","ping_status":"closed","template":"","meta":{"generate_page_header":"","footnotes":""},"class_list":["post-765","page","type-page","status-publish","has-post-thumbnail","hentry","p184"],"publishpress_future_action":{"enabled":false,"date":"2026-04-23 22:33:04","action":"change-status","newStatus":"draft","terms":[],"taxonomy":"translation_priority","extraData":[]},"publishpress_future_workflow_manual_trigger":{"enabledWorkflows":[]},"_links":{"self":[{"href":"https:\/\/schaubhochl.ch\/sr\/wp-json\/wp\/v2\/pages\/765","targetHints":{"allow":["GET"]}}],"collection":[{"href":"https:\/\/schaubhochl.ch\/sr\/wp-json\/wp\/v2\/pages"}],"about":[{"href":"https:\/\/schaubhochl.ch\/sr\/wp-json\/wp\/v2\/types\/page"}],"author":[{"embeddable":true,"href":"https:\/\/schaubhochl.ch\/sr\/wp-json\/wp\/v2\/users\/1"}],"replies":[{"embeddable":true,"href":"https:\/\/schaubhochl.ch\/sr\/wp-json\/wp\/v2\/comments?post=765"}],"version-history":[{"count":6,"href":"https:\/\/schaubhochl.ch\/sr\/wp-json\/wp\/v2\/pages\/765\/revisions"}],"predecessor-version":[{"id":1795,"href":"https:\/\/schaubhochl.ch\/sr\/wp-json\/wp\/v2\/pages\/765\/revisions\/1795"}],"up":[{"embeddable":true,"href":"https:\/\/schaubhochl.ch\/sr\/wp-json\/wp\/v2\/pages\/721"}],"wp:featuredmedia":[{"embeddable":true,"href":"https:\/\/schaubhochl.ch\/sr\/wp-json\/wp\/v2\/media\/120"}],"wp:attachment":[{"href":"https:\/\/schaubhochl.ch\/sr\/wp-json\/wp\/v2\/media?parent=765"}],"curies":[{"name":"wp","href":"https:\/\/api.w.org\/{rel}","templated":true}]}}