  {"id":759,"date":"2019-01-07T12:09:46","date_gmt":"2019-01-07T12:09:46","guid":{"rendered":"http:\/\/schaubho.cyon.link\/?page_id=759"},"modified":"2025-02-19T09:49:09","modified_gmt":"2025-02-19T08:49:09","slug":"marianne-schaub-hristic","status":"publish","type":"page","link":"https:\/\/schaubhochl.ch\/sr\/advokati\/marianne-schaub-hristic\/","title":{"rendered":"Marianne Schaub-Hristi\u0107"},"content":{"rendered":"\t\t<div data-elementor-type=\"wp-post\" data-elementor-id=\"759\" class=\"elementor elementor-759 elementor-218\" data-elementor-post-type=\"page\">\n\t\t\t\t\t\t<section class=\"elementor-section elementor-top-section elementor-element elementor-element-55881f8 elementor-section-boxed elementor-section-height-default elementor-section-height-default\" data-id=\"55881f8\" data-element_type=\"section\">\n\t\t\t\t\t\t<div class=\"elementor-container elementor-column-gap-default\">\n\t\t\t\t\t<div class=\"elementor-column elementor-col-100 elementor-top-column elementor-element elementor-element-694391c\" data-id=\"694391c\" data-element_type=\"column\">\n\t\t\t<div class=\"elementor-widget-wrap elementor-element-populated\">\n\t\t\t\t\t\t<div class=\"elementor-element elementor-element-cdc3835 elementor-widget elementor-widget-text-editor\" data-id=\"cdc3835\" data-element_type=\"widget\" data-widget_type=\"text-editor.default\">\n\t\t\t\t<div class=\"elementor-widget-container\">\n\t\t\t\t\t\t\t\t\t<h4 class=\"job-title\">Advokat, Dr. iur.<\/h4>\t\t\t\t\t\t\t\t<\/div>\n\t\t\t\t<\/div>\n\t\t\t\t\t<\/div>\n\t\t<\/div>\n\t\t\t\t\t<\/div>\n\t\t<\/section>\n\t\t\t\t<section class=\"elementor-section elementor-top-section elementor-element elementor-element-1d537f1 elementor-section-boxed elementor-section-height-default elementor-section-height-default\" data-id=\"1d537f1\" data-element_type=\"section\">\n\t\t\t\t\t\t<div class=\"elementor-container elementor-column-gap-default\">\n\t\t\t\t\t<div class=\"elementor-column elementor-col-100 elementor-top-column elementor-element elementor-element-b17105f\" data-id=\"b17105f\" data-element_type=\"column\">\n\t\t\t<div class=\"elementor-widget-wrap elementor-element-populated\">\n\t\t\t\t\t\t<div class=\"elementor-element elementor-element-2778a3b elementor-tabs-view-horizontal elementor-widget elementor-widget-tabs\" data-id=\"2778a3b\" data-element_type=\"widget\" data-widget_type=\"tabs.default\">\n\t\t\t\t<div class=\"elementor-widget-container\">\n\t\t\t\t\t\t\t<div class=\"elementor-tabs\">\n\t\t\t<div class=\"elementor-tabs-wrapper\" role=\"tablist\" >\n\t\t\t\t\t\t\t\t\t<div id=\"elementor-tab-title-4131\" class=\"elementor-tab-title elementor-tab-desktop-title\" aria-selected=\"true\" data-tab=\"1\" role=\"tab\" tabindex=\"0\" aria-controls=\"elementor-tab-content-4131\" aria-expanded=\"false\">Usluge<\/div>\n\t\t\t\t\t\t\t\t\t<div id=\"elementor-tab-title-4132\" class=\"elementor-tab-title elementor-tab-desktop-title\" aria-selected=\"false\" data-tab=\"2\" role=\"tab\" tabindex=\"-1\" aria-controls=\"elementor-tab-content-4132\" aria-expanded=\"false\">Portret<\/div>\n\t\t\t\t\t\t\t\t\t<div id=\"elementor-tab-title-4133\" class=\"elementor-tab-title elementor-tab-desktop-title\" aria-selected=\"false\" data-tab=\"3\" role=\"tab\" tabindex=\"-1\" aria-controls=\"elementor-tab-content-4133\" aria-expanded=\"false\">Publikacije<\/div>\n\t\t\t\t\t\t\t<\/div>\n\t\t\t<div class=\"elementor-tabs-content-wrapper\" role=\"tablist\" aria-orientation=\"vertical\">\n\t\t\t\t\t\t\t\t\t<div class=\"elementor-tab-title elementor-tab-mobile-title\" aria-selected=\"true\" data-tab=\"1\" role=\"tab\" tabindex=\"0\" aria-controls=\"elementor-tab-content-4131\" aria-expanded=\"false\">Usluge<\/div>\n\t\t\t\t\t<div id=\"elementor-tab-content-4131\" class=\"elementor-tab-content elementor-clearfix\" data-tab=\"1\" role=\"tabpanel\" aria-labelledby=\"elementor-tab-title-4131\" tabindex=\"0\" hidden=\"false\"><div class=\"resp-tab-content resp-tab-content-active\" aria-labelledby=\"tab_item-0\">\n<h3>Obligaciono ( ugovorno) pravo<\/h3>\n<ul>\n<li>Koncepcija ugovora, provera i pregovori u vezi sa zaklju\u010denjem ugovora<\/li>\n<li>Savetovanje kod realizacije, tuma\u010denja i analize ugovora<\/li>\n<li>Izrada i a\u017euriranje ugovornih modela primerenih potrebama<\/li>\n<li>Obrasci ugovora i Op\u0161ti uslovi poslovanja (AGB)<\/li>\n<li>Izvr\u0161enje ugovornih prava i potra\u017eivanja<\/li>\n<\/ul>\n<h3>Radno pravo<\/h3>\n<ul>\n<li>Radni ugovori<\/li>\n<li>Pravna zastita kod otkaza ugovora o radu, izjave o otpu\u0161tanju<\/li>\n<li>Potra\u017eivanje neispa\u0107enih zarada<\/li>\n<\/ul>\n<h3>Prinudna naplata i uklanjanje pravnih prepreka u postupku prinudne naplate<\/h3>\n<ul>\n<li>Naplata potra\u017eivanja putem prinudne naplate i u postupku ste\u010daja<\/li>\n<li>Postupak uklanjanje pravnih prepreka u postupku prinudne naplate<\/li>\n<li>Osiguranje imovine posredstvom zaplene<\/li>\n<li>Izvr\u0161avanje stranih sudskih odluka i drugih du\u017eni\u010dkih instrumenata<\/li>\n<\/ul>\n<h3>Stvarno pravo(imovinsko- pravni odnosi)<\/h3>\n<ul>\n<li>Nekretnine i njihovo kori\u0161\u0107enje<\/li>\n<li>Izrada ugovora o kupoprodaji<\/li>\n<li>Optere\u0107enje i upis prava kori\u0161\u0107enja nekretnina<\/li>\n<li>Pravo kori\u0161\u0107enja i stambeno pravo<\/li>\n<li>Porez na zaradu od parcela<\/li>\n<li>Prodaja nekretnina<\/li>\n<\/ul>\n<h3>Stanarsko pravo<\/h3>\n<ul>\n<li>Savetovanje za izdavaoce (zakupodavce) nekretnina i agencije za upravljanje nekretninama<\/li>\n<li>Izrada i zaklju\u010divanje ugovora o zakupu nekretnina<\/li>\n<li>Pove\u0107anja stanarine nakon (generalnog) renoviranja<\/li>\n<li>Izvr\u0161enje prava i obaveza iz ugovora o zakupu nekretnina<\/li>\n<li>Procedura u slu\u010daju postojanja nedostataka na objektu zakupa<\/li>\n<li>Procedura u slu\u010daju kasnjenja pla\u0107anja od strane stanara(zakupca)<\/li>\n<li>Otkazivanje ugovora o zakupu nekretnina<\/li>\n<li>Naplata nepla\u0107ene stanarine<\/li>\n<li>Zastupanje pred arbitra\u017enim organima i sudovima<\/li>\n<li>Postupak prinudnog iseljenja<\/li>\n<\/ul>\n<h3>Suvlasnistvo nad nekretninama i susedsko pravo<\/h3>\n<ul>\n<li>Susedska prava i obaveze<\/li>\n<li>Preterane emisije (buke)<\/li>\n<li>Drve\u0107e i \u017ebunje u susedskom pravu<\/li>\n<li>Prava i obaveze iz suvlasni\u0161tva nad nekretninama<\/li>\n<li>Osporavanje odluka zajednice vlasnika nad nekretninama<\/li>\n<\/ul>\n<h3>Ugovor o delu i privatno gra\u0111evinsko pravo<\/h3>\n<ul>\n<li>Izrada i zaklju\u010divanje ugovora o delu i ugovora o arhitektonskim uslugama<\/li>\n<li>Unos, brisanje zalo\u017enih prava (tereta)iz oblasti gra\u0111evinskog zanatstva<\/li>\n<li>Naplata potra\u017eivanja iz ugovora o delu<\/li>\n<li>Nedostaci u vezi sa izvr\u0161enim radovima \/ \u017dalbe povodom nedostataka<\/li>\n<li>Naknadna dorada<\/li>\n<li>Preterane emisije (buke)<\/li>\n<\/ul>\n<\/div><\/div>\n\t\t\t\t\t\t\t\t\t<div class=\"elementor-tab-title elementor-tab-mobile-title\" aria-selected=\"false\" data-tab=\"2\" role=\"tab\" tabindex=\"-1\" aria-controls=\"elementor-tab-content-4132\" aria-expanded=\"false\">Portret<\/div>\n\t\t\t\t\t<div id=\"elementor-tab-content-4132\" class=\"elementor-tab-content elementor-clearfix\" data-tab=\"2\" role=\"tabpanel\" aria-labelledby=\"elementor-tab-title-4132\" tabindex=\"0\" hidden=\"hidden\"><h3>Jezici<\/h3>\n<p>Nema\u010dki, srpski \/ hrvatski, italijanski, francuski, engleski<\/p>\n<h3>Obrazovanje<\/h3>\n<dl>\n<dt>2004<\/dt>\n<dd>Ciri\u0161ka licenca advokata<\/dd>\n<dt>2002<\/dt>\n<dd>Doktorat Univerziteta u Cirihu<\/dd>\n<dt>2000<\/dt>\n<dd>Diplomiranje (Lizenziat)<\/dd>\n<\/dl>\n<h3>Stru\u010dno usavr\u0161avanje<\/h3>\n<dl>\n<dt>Sept. 2013<\/dt>\n<dd>Dan zajedni\u010dkog vlasni\u0161tva nad nekretninama u Lucernu (Luzerner Tag des Stockwerkeigentums) 2013<\/dd>\n<dt>Sept. 2013<\/dt>\n<dd>Prenos prava i obaveza na tre\u0107a lica u skladu sa \u010dlanom 263 OR (stru\u010dna grupa za stanarsko pravo)<\/dd>\n<dt>Okt. 2012<\/dt>\n<dd>Stanarsko pravo i pravo nekretnina &#8211; proceduralni aspekti (Skup Univerziteta u Sent Galenu)<\/dd>\n<dt>Feb. 2012<\/dt>\n<dd>Prinudno iseljavanje u skladu sa \u010dlanom 257 ZPO (stru\u010dna grupa za stanarsko pravo)<\/dd>\n<dt>Jan. 2012<\/dt>\n<dd>Izmene u pravu nekretnina (konferencija SJVZ)<\/dd>\n<dt>Juni 2010<\/dt>\n<dd>Konferencija posve\u0107ena \u0161vajcarskom Zakonu o parni\u010dnom postupku (ZPO) Fondacije za pravno stru\u010dno usavr\u0161avanje u Cirihu<\/dd>\n<dt>Nov. 2009<\/dt>\n<dd>Komercijalni najam prostorija<\/dd>\n<dt>Mai 2008<\/dt>\n<dd>Dan prakti\u010dara u gra\u0111evinskom pravu<\/dd>\n<\/dl>\n<h3>Sporedne aktivnosti<\/h3>\n<dl>\n<dt>od 2025<\/dt>\n<dd>Odbornik Andelfingen\n<dt>od 2025<\/dt>\n<dd>Potpredsednik komisije za &#8222;Enteignungen, Geb\u00e4udeversicherung und Brandschutz des Kantons Schaffhausen&#8220;<\/dd>\n<dt>od 2018<\/dt>\n<dd>\u010clan komisije za &#8222;Enteignungen, Geb\u00e4udeversicherung und Brandschutz des Kantons Schaffhausen&#8220;<\/dd>\n<dt>od 2008<\/dt>\n<dd>Komentator pri slu\u017ebi push-service portalaweblaw.ch u oblasti stanarskog prava i prava zakupa nekretnina \u2013 www.push-service.ch<\/dd>\n<dt>od 2008<\/dt>\n<dd>Medijator (predstavnica izdavaoca nekretnina) pri arbitra\u017enom organu u oblasti najma i zakupa nekretnina u okrugu Andelfingen<\/dd>\n<dt>2006 &#8211; 2018<\/dt>\n<dd>\u010clan komisije za reviziju op\u0161tine Andelfingen<\/dd>\n<\/dl>\n<h3>Profesionalne aktivnosti<\/h3>\n<dl>\n<dt>od 2006<\/dt>\n<dd>Partner u advokatskoj kancleraiji Schaub Hochl<\/dd>\n<dt>2005 &#8211; 2007<\/dt>\n<dd>\u0160ef pravne slu\u017ebe jedne od organizacija za upravljanje nekretninama na podru\u010dju cele \u0160vajcarske, sa sedi\u0161tem u Vinterturu<\/dd>\n<dt>2004 &#8211; 2005<\/dt>\n<dd>Avdokat u jednoj od advokatskih kancelarija u Vinterturu<\/dd>\n<dt>2004<\/dt>\n<dd>Pravnica kadrovske slu\u017ebe jedne od organizacija za upravljanje nekretninama na podru\u010dju cele \u0160vajcarske, sa sedi\u0161tem u Vinterturu<\/dd>\n<dt>2001 &#8211; 2003<\/dt>\n<dd>Sekretar-pravnik pri jednom od Okru\u017enih sudova u kantonu Cirih; Rukovodilac arbitra\u017enog organa u oblasti najma i zakupa nekretnina<\/dd>\n<dt>2001<\/dt>\n<dd>Pravna slu\u017ebenica u odeljenju za \u0161tete iz osiguranja pri jednom od dru\u0161tava za pravno osiguranje, Cirih<\/dd>\n<\/dl>\n<h3>\u010clanstvo<\/h3>\n<ul>\n<li>Ciri\u0161ka advokatske komore, \u0161vajcarska advokatska komora<\/li>\n<li>Asocijacija \u00abDe\u017eurstvo &#8211; krivi\u010dna odbrana\u00bb<\/li>\n<li>Stru\u010dna grupa za stanarsko pravo Ciri\u0161ke advokatske komore<\/li>\n<li>Stru\u010dna grupa za gra\u0111evinsko pravo Ciri\u0161ke advokatske komore<\/li>\n<li>Asocijacija vlasnika ku\u0107a za Vintertur i okolinu<\/li>\n<li>Pravna slu\u017eba Pro Juventute, oblast ugovornog prava<\/li>\n<li>Poslovna asocijacija za region Andelfingen<\/li>\n<\/ul><\/div>\n\t\t\t\t\t\t\t\t\t<div class=\"elementor-tab-title elementor-tab-mobile-title\" aria-selected=\"false\" data-tab=\"3\" role=\"tab\" tabindex=\"-1\" aria-controls=\"elementor-tab-content-4133\" aria-expanded=\"false\">Publikacije<\/div>\n\t\t\t\t\t<div id=\"elementor-tab-content-4133\" class=\"elementor-tab-content elementor-clearfix\" data-tab=\"3\" role=\"tabpanel\" aria-labelledby=\"elementor-tab-title-4133\" tabindex=\"0\" hidden=\"hidden\"><h2>Themen<\/h2>\n<p><div class=\"publications-person\">\n<h3 class=\"publications-category\">Arbeitsrecht<\/h3>\n<div class=\"grid-element publication post-2636 publications type-publications status-publish hentry publications_category-arbeitsrecht-sr p179\" id=\"post-2636\"><a href=\"https:\/\/schaubhochl.ch\/sr\/publications\/neues-gesetz-zur-verbesserung-der-situation-von-betreuenden-angehoerigen\/\">Neues Gesetz zur Verbesserung der Situation von betreuenden Angeh\u00f6rigen<\/a><\/div>\n<div class=\"grid-element publication post-2271 publications type-publications status-publish hentry publications_category-arbeitsrecht-sr p179\" id=\"post-2271\"><a href=\"https:\/\/schaubhochl.ch\/sr\/publications\/konkurrenzverbot-im-arbeitsrecht\/\">Konkurrenzverbot im Arbeitsrecht<\/a><\/div>\n<div class=\"grid-element publication post-1881 publications type-publications status-publish hentry publications_category-arbeitsrecht-sr publications_category-covid-19-corona-sr p179\" id=\"post-1881\"><a href=\"https:\/\/schaubhochl.ch\/sr\/publications\/kann-der-bezug-von-ferien-und-der-abbau-von-ueberstunden-des-gleitzeitsaldos-vom-arbeitgeber-angeordnet-werden\/\">Kann der Bezug von Ferien und der Abbau von \u00dcberstunden\/des Gleitzeitsaldos vom Arbeitgeber angeordnet werden?<\/a><\/div>\n<h3 class=\"publications-category\">COVID-19 \/ Corona<\/h3>\n<div class=\"grid-element publication post-1895 publications type-publications status-publish hentry publications_category-covid-19-corona-sr publications_category-stanarsko-pravo p179\" id=\"post-1895\"><a href=\"https:\/\/schaubhochl.ch\/sr\/publications\/frist-bei-zahlungsverzug-durch-corona-verordnung-verlaengert\/\">Frist bei Zahlungsverzug durch Corona-Verordnung verl\u00e4ngert<\/a><\/div>\n<div class=\"grid-element publication post-1881 publications type-publications status-publish hentry publications_category-arbeitsrecht-sr publications_category-covid-19-corona-sr p179\" id=\"post-1881\"><a href=\"https:\/\/schaubhochl.ch\/sr\/publications\/kann-der-bezug-von-ferien-und-der-abbau-von-ueberstunden-des-gleitzeitsaldos-vom-arbeitgeber-angeordnet-werden\/\">Kann der Bezug von Ferien und der Abbau von \u00dcberstunden\/des Gleitzeitsaldos vom Arbeitgeber angeordnet werden?<\/a><\/div>\n<div class=\"grid-element publication post-1870 publications type-publications status-publish hentry publications_category-covid-19-corona-sr publications_category-stanarsko-pravo p179\" id=\"post-1870\"><a href=\"https:\/\/schaubhochl.ch\/sr\/publications\/kann-der-mietzins-aufgrund-einer-behoerdlich-angeordneten-schliessung-des-mietobjekts-reduziert-werden\/\">Kann der Mietzins aufgrund einer beh\u00f6rdlich angeordneten Schliessung des Mietobjekts herabgesetzt werden?<\/a><\/div>\n<h3 class=\"publications-category\">Privatno gra\u0111evinsko pravo<\/h3>\n<div class=\"grid-element publication post-2813 publications type-publications status-publish hentry publications_category-privatno-gradevinsko-pravo p179\" id=\"post-2813\"><a href=\"https:\/\/schaubhochl.ch\/sr\/publications\/altes-gebaeude-neues-recht-wann-sind-bauliche-anpassungen-notwendig\/\">Altes Geb\u00e4ude, Neues Recht: Wann sind bauliche Anpassungen notwendig?<\/a><\/div>\n<div class=\"grid-element publication post-316 publications type-publications status-publish hentry publications_category-privatno-gradevinsko-pravo p179\" id=\"post-316\"><a href=\"https:\/\/schaubhochl.ch\/sr\/publications\/die-verhaeltnismaessigkeit-der-nachbesserung-von-baumaengeln\/\">Die Verh\u00e4ltnism\u00e4ssigkeit der Nachbesserung von Baum\u00e4ngeln<\/a><\/div>\n<h3 class=\"publications-category\">Stanarsko pravo<\/h3>\n<div class=\"grid-element publication post-3168 publications type-publications status-publish hentry publications_category-stanarsko-pravo p179\" id=\"post-3168\"><a href=\"https:\/\/schaubhochl.ch\/sr\/publications\/wie-berechne-ich-eine-mietzinserhoehung-infolge-veraenderung-des-referenzzinssatzes\/\">Wie berechne ich eine Mietzinserh\u00f6hung infolge Ver\u00e4nderung des Referenzzinssatzes?<\/a><\/div>\n<div class=\"grid-element publication post-2992 publications type-publications status-publish hentry publications_category-stanarsko-pravo p179\" id=\"post-2992\"><a href=\"https:\/\/schaubhochl.ch\/sr\/publications\/die-mietrechtliche-ausweisung\/\">Die mietrechtliche Ausweisung<\/a><\/div>\n<div class=\"grid-element publication post-2393 publications type-publications status-publish hentry publications_category-stanarsko-pravo p179\" id=\"post-2393\"><a href=\"https:\/\/schaubhochl.ch\/sr\/publications\/berechnung-der-nettorendite-praxisaenderung-des-bundesgerichts\/\">Berechnung der Nettorendite: Praxis\u00e4nderung des Bundesgerichts<\/a><\/div>\n<div class=\"grid-element publication post-1895 publications type-publications status-publish hentry publications_category-covid-19-corona-sr publications_category-stanarsko-pravo p179\" id=\"post-1895\"><a href=\"https:\/\/schaubhochl.ch\/sr\/publications\/frist-bei-zahlungsverzug-durch-corona-verordnung-verlaengert\/\">Frist bei Zahlungsverzug durch Corona-Verordnung verl\u00e4ngert<\/a><\/div>\n<div class=\"grid-element publication post-1870 publications type-publications status-publish hentry publications_category-covid-19-corona-sr publications_category-stanarsko-pravo p179\" id=\"post-1870\"><a href=\"https:\/\/schaubhochl.ch\/sr\/publications\/kann-der-mietzins-aufgrund-einer-behoerdlich-angeordneten-schliessung-des-mietobjekts-reduziert-werden\/\">Kann der Mietzins aufgrund einer beh\u00f6rdlich angeordneten Schliessung des Mietobjekts herabgesetzt werden?<\/a><\/div>\n<div class=\"grid-element publication post-1590 publications type-publications status-publish hentry publications_category-stanarsko-pravo p179\" id=\"post-1590\"><a href=\"https:\/\/schaubhochl.ch\/sr\/publications\/vermietung-von-lokalitaeten\/\">Vermietung von \u00f6ffentlichen R\u00e4umen an Privatpersonen<\/a><\/div>\n<div class=\"grid-element publication post-1332 publications type-publications status-publish hentry publications_category-stanarsko-pravo p179\" id=\"post-1332\"><a href=\"https:\/\/schaubhochl.ch\/sr\/publications\/empfehlungen-zur-untermiete\/\">Empfehlungen zur Untermiete<\/a><\/div>\n<div class=\"grid-element publication post-1326 publications type-publications status-publish hentry publications_category-stanarsko-pravo p179\" id=\"post-1326\"><a href=\"https:\/\/schaubhochl.ch\/sr\/publications\/anfangsmietzins-bei-altliegenschaften\/\">Anfangsmietzins bei Altliegenschaften<\/a><\/div>\n<div class=\"grid-element publication post-1319 publications type-publications status-publish hentry publications_category-stanarsko-pravo p179\" id=\"post-1319\"><a href=\"https:\/\/schaubhochl.ch\/sr\/publications\/keine-nachtraegliche-heilung-einer-unwirksamen-kuendigung-nach-art-257d-or\/\">Keine nachtr\u00e4gliche Heilung einer unwirksamen K\u00fcndigung nach Art. 257d OR<\/a><\/div>\n<div class=\"grid-element publication post-314 publications type-publications status-publish hentry publications_category-stanarsko-pravo p179\" id=\"post-314\"><a href=\"https:\/\/schaubhochl.ch\/sr\/publications\/eine-erstreckung-auf-unbestimmte-zeit-ist-unzulaessig\/\">Eine Erstreckung auf unbestimmte Zeit ist unzul\u00e4ssig<\/a><\/div>\n<div class=\"grid-element publication post-310 publications type-publications status-publish hentry publications_category-stanarsko-pravo p179\" id=\"post-310\"><a href=\"https:\/\/schaubhochl.ch\/sr\/publications\/keine-umwandlung-von-ungueltigen-vorzeitigen-kuendigungen-in-gueltige-ordentliche-kuendigungen\/\">Keine Umwandlung von ung\u00fcltigen vorzeitigen K\u00fcndigungen in g\u00fcltige ordentliche K\u00fcndigungen<\/a><\/div>\n<div class=\"grid-element publication post-308 publications type-publications status-publish hentry publications_category-stanarsko-pravo p179\" id=\"post-308\"><a href=\"https:\/\/schaubhochl.ch\/sr\/publications\/gueltige-nebenkostenabrede-konkretisierung-der-rechtsprechung\/\">G\u00fcltige Nebenkostenabrede &#8211; Konkretisierung der Rechtsprechung<\/a><\/div>\n<div class=\"grid-element publication post-304 publications type-publications status-publish hentry publications_category-stanarsko-pravo p179\" id=\"post-304\"><a href=\"https:\/\/schaubhochl.ch\/sr\/publications\/optierung-bei-geschaeftsmietvertraegen\/\">Optierung bei Gesch\u00e4ftsmietvertr\u00e4gen<\/a><\/div>\n<div class=\"grid-element publication post-298 publications type-publications status-publish hentry publications_category-stanarsko-pravo p179\" id=\"post-298\"><a href=\"https:\/\/schaubhochl.ch\/sr\/publications\/einfluss-von-familienrechtlichen-bestimmungen-im-mietrecht\/\">Einfluss von familienrechtlichen Bestimmungen im Mietrecht<\/a><\/div>\n<div class=\"grid-element publication post-292 publications type-publications status-publish hentry publications_category-stanarsko-pravo p179\" id=\"post-292\"><a href=\"https:\/\/schaubhochl.ch\/sr\/publications\/haelftige-mieterstreckungsdauer-bei-gleichwertiger-interessenlage-von-mieter-und-vermieter\/\">H\u00e4lftige Mieterstreckungsdauer bei gleichwertiger Interessenlage von Mieter und Vermieter<\/a><\/div>\n<div class=\"grid-element publication post-290 publications type-publications status-publish hentry publications_category-stanarsko-pravo p179\" id=\"post-290\"><a href=\"https:\/\/schaubhochl.ch\/sr\/publications\/vermieter-erwirkt-gerichtliches-verbot-der-untermiete-ueber-buchungsplattformen\/\">Vermieter erwirkt gerichtliches Verbot der Untermiete \u00fcber Buchungsplattformen<\/a><\/div>\n<\/div>\n<\/div><\/div>\n<\/p><\/div>\n<\/p><\/div>\n<\/p><\/div>\n<\/p><\/div>\n<\/p><\/div>\n<\/p><\/div>\n<\/section>\n\t\t<\/div>\n\t\t","protected":false},"excerpt":{"rendered":"<p>Advokat, Dr. iur. Usluge Portret Publikacije Usluge Obligaciono ( ugovorno) pravo Koncepcija ugovora, provera i pregovori u vezi sa zaklju\u010denjem ugovora Savetovanje kod realizacije, tuma\u010denja i analize ugovora Izrada i a\u017euriranje ugovornih modela primerenih potrebama Obrasci ugovora i Op\u0161ti uslovi poslovanja (AGB) Izvr\u0161enje ugovornih prava i potra\u017eivanja Radno pravo Radni ugovori Pravna zastita kod otkaza &#8230; <a title=\"Marianne Schaub-Hristi\u0107\" class=\"read-more\" href=\"https:\/\/schaubhochl.ch\/sr\/advokati\/marianne-schaub-hristic\/\" aria-label=\"Read more about Marianne Schaub-Hristi\u0107\">Read more<\/a><\/p>\n","protected":false},"author":1,"featured_media":120,"parent":721,"menu_order":0,"comment_status":"closed","ping_status":"closed","template":"","meta":{"generate_page_header":"","footnotes":""},"class_list":{"0":"post-759","1":"page","2":"type-page","3":"status-publish","4":"has-post-thumbnail","6":"p861"},"publishpress_future_action":{"enabled":false,"date":"2026-05-12 13:33:44","action":"change-status","newStatus":"draft","terms":[],"taxonomy":"translation_priority","extraData":[]},"publishpress_future_workflow_manual_trigger":{"enabledWorkflows":[]},"_links":{"self":[{"href":"https:\/\/schaubhochl.ch\/sr\/wp-json\/wp\/v2\/pages\/759","targetHints":{"allow":["GET"]}}],"collection":[{"href":"https:\/\/schaubhochl.ch\/sr\/wp-json\/wp\/v2\/pages"}],"about":[{"href":"https:\/\/schaubhochl.ch\/sr\/wp-json\/wp\/v2\/types\/page"}],"author":[{"embeddable":true,"href":"https:\/\/schaubhochl.ch\/sr\/wp-json\/wp\/v2\/users\/1"}],"replies":[{"embeddable":true,"href":"https:\/\/schaubhochl.ch\/sr\/wp-json\/wp\/v2\/comments?post=759"}],"version-history":[{"count":17,"href":"https:\/\/schaubhochl.ch\/sr\/wp-json\/wp\/v2\/pages\/759\/revisions"}],"predecessor-version":[{"id":3391,"href":"https:\/\/schaubhochl.ch\/sr\/wp-json\/wp\/v2\/pages\/759\/revisions\/3391"}],"up":[{"embeddable":true,"href":"https:\/\/schaubhochl.ch\/sr\/wp-json\/wp\/v2\/pages\/721"}],"wp:featuredmedia":[{"embeddable":true,"href":"https:\/\/schaubhochl.ch\/sr\/wp-json\/wp\/v2\/media\/120"}],"wp:attachment":[{"href":"https:\/\/schaubhochl.ch\/sr\/wp-json\/wp\/v2\/media?parent=759"}],"curies":[{"name":"wp","href":"https:\/\/api.w.org\/{rel}","templated":true}]}}