  {"id":721,"date":"2018-11-15T13:03:03","date_gmt":"2018-11-15T13:03:03","guid":{"rendered":"http:\/\/schaubho.cyon.link\/?page_id=721"},"modified":"2025-08-27T15:07:50","modified_gmt":"2025-08-27T13:07:50","slug":"advokati","status":"publish","type":"page","link":"https:\/\/schaubhochl.ch\/sr\/advokati\/","title":{"rendered":"Advokati"},"content":{"rendered":"\t\t<div data-elementor-type=\"wp-post\" data-elementor-id=\"721\" class=\"elementor elementor-721 elementor-59\" data-elementor-post-type=\"page\">\n\t\t\t\t\t\t<section class=\"elementor-section elementor-top-section elementor-element elementor-element-ff8023d elementor-section-boxed elementor-section-height-default elementor-section-height-default\" data-id=\"ff8023d\" data-element_type=\"section\">\n\t\t\t\t\t\t<div class=\"elementor-container elementor-column-gap-default\">\n\t\t\t\t\t<div class=\"elementor-column elementor-col-100 elementor-top-column elementor-element elementor-element-6394057\" data-id=\"6394057\" data-element_type=\"column\">\n\t\t\t<div class=\"elementor-widget-wrap elementor-element-populated\">\n\t\t\t\t\t\t<div class=\"elementor-element elementor-element-31095c3 elementor-widget elementor-widget-text-editor\" data-id=\"31095c3\" data-element_type=\"widget\" data-widget_type=\"text-editor.default\">\n\t\t\t\t<div class=\"elementor-widget-container\">\n\t\t\t\t\t\t\t\t\t<p>Wir bieten qualifizierte Dienstleistungen in unseren Spezialgebieten mit pers\u00f6nlicher Beratung. Der direkte Kontakt schafft eine wertvolle Vertrauensbasis \u2013 das ist die Voraussetzung f\u00fcr eine erfolgreiche und langj\u00e4hrige Zusammenarbeit mit unseren Kunden.<\/p>\t\t\t\t\t\t\t\t<\/div>\n\t\t\t\t<\/div>\n\t\t\t\t<div class=\"elementor-element elementor-element-d7247fb elementor-widget elementor-widget-spacer\" data-id=\"d7247fb\" data-element_type=\"widget\" data-widget_type=\"spacer.default\">\n\t\t\t\t<div class=\"elementor-widget-container\">\n\t\t\t\t\t\t\t<div class=\"elementor-spacer\">\n\t\t\t<div class=\"elementor-spacer-inner\"><\/div>\n\t\t<\/div>\n\t\t\t\t\t\t<\/div>\n\t\t\t\t<\/div>\n\t\t\t\t\t<\/div>\n\t\t<\/div>\n\t\t\t\t\t<\/div>\n\t\t<\/section>\n\t\t\t\t<section class=\"elementor-section elementor-top-section elementor-element elementor-element-da72905 elementor-section-content-middle elementor-section-boxed elementor-section-height-default elementor-section-height-default\" data-id=\"da72905\" data-element_type=\"section\">\n\t\t\t\t\t\t<div class=\"elementor-container elementor-column-gap-no\">\n\t\t\t\t\t<div class=\"elementor-column elementor-col-50 elementor-top-column elementor-element elementor-element-fc7f92b\" data-id=\"fc7f92b\" data-element_type=\"column\">\n\t\t\t<div class=\"elementor-widget-wrap elementor-element-populated\">\n\t\t\t\t\t\t<div class=\"elementor-element elementor-element-a155810 elementor-widget elementor-widget-image\" data-id=\"a155810\" data-element_type=\"widget\" data-widget_type=\"image.default\">\n\t\t\t\t<div class=\"elementor-widget-container\">\n\t\t\t\t\t\t\t\t\t\t\t\t\t\t\t\t<a href=\"https:\/\/schaubhochl.ch\/rechtsanwaelte\/marianne-schaub-hristic\/\">\n\t\t\t\t\t\t\t<img fetchpriority=\"high\" decoding=\"async\" width=\"1024\" height=\"845\" src=\"https:\/\/schaubhochl.ch\/wp-content\/uploads\/2019\/05\/Marianne-Schaub-Hristic\u0301-quer.jpg\" class=\"attachment-full size-full wp-image-1255\" alt=\"\" srcset=\"https:\/\/schaubhochl.ch\/wp-content\/uploads\/2019\/05\/Marianne-Schaub-Hristic\u0301-quer.jpg 1024w, https:\/\/schaubhochl.ch\/wp-content\/uploads\/2019\/05\/Marianne-Schaub-Hristic\u0301-quer-300x248.jpg 300w, https:\/\/schaubhochl.ch\/wp-content\/uploads\/2019\/05\/Marianne-Schaub-Hristic\u0301-quer-768x634.jpg 768w\" sizes=\"(max-width: 1024px) 100vw, 1024px\" \/>\t\t\t\t\t\t\t\t<\/a>\n\t\t\t\t\t\t\t\t\t\t\t\t\t\t\t<\/div>\n\t\t\t\t<\/div>\n\t\t\t\t\t<\/div>\n\t\t<\/div>\n\t\t\t\t<div class=\"elementor-column elementor-col-50 elementor-top-column elementor-element elementor-element-8fbaaba\" data-id=\"8fbaaba\" data-element_type=\"column\">\n\t\t\t<div class=\"elementor-widget-wrap elementor-element-populated\">\n\t\t\t\t\t\t<div class=\"elementor-element elementor-element-ae09110 elementor-view-default elementor-widget elementor-widget-icon\" data-id=\"ae09110\" data-element_type=\"widget\" data-widget_type=\"icon.default\">\n\t\t\t\t<div class=\"elementor-widget-container\">\n\t\t\t\t\t\t\t<div class=\"elementor-icon-wrapper\">\n\t\t\t<div class=\"elementor-icon\">\n\t\t\t\t\t\t\t<i class=\"fa fa-quote-left\" aria-hidden=\"true\"><\/i>\n\t\t\t\t\t\t<\/div>\n\t\t<\/div>\n\t\t\t\t\t\t<\/div>\n\t\t\t\t<\/div>\n\t\t\t\t<div class=\"elementor-element elementor-element-e22d678 elementor-widget elementor-widget-text-editor\" data-id=\"e22d678\" data-element_type=\"widget\" data-widget_type=\"text-editor.default\">\n\t\t\t\t<div class=\"elementor-widget-container\">\n\t\t\t\t\t\t\t\t\t<p>Gerne berate und unterst\u00fctze ich Sie als Vermieter, Verwaltung, Grundeigent\u00fcmer, K\u00e4ufer oder Verk\u00e4ufer, Bauherren oder Unternehmer kompetent und engagiert in s\u00e4mtlichen Fragen des Vertragsrechts.<\/p>\t\t\t\t\t\t\t\t<\/div>\n\t\t\t\t<\/div>\n\t\t\t\t<div class=\"elementor-element elementor-element-7ff2b66 elementor-widget elementor-widget-heading\" data-id=\"7ff2b66\" data-element_type=\"widget\" data-widget_type=\"heading.default\">\n\t\t\t\t<div class=\"elementor-widget-container\">\n\t\t\t\t\t<h2 class=\"elementor-heading-title elementor-size-default\"><a href=\"https:\/\/schaubhochl.ch\/rechtsanwaelte\/marianne-schaub-hristic\/\">Marianne Schaub-Hristi\u0107<\/a><\/h2>\t\t\t\t<\/div>\n\t\t\t\t<\/div>\n\t\t\t\t<div class=\"elementor-element elementor-element-eaa6e6e elementor-widget elementor-widget-heading\" data-id=\"eaa6e6e\" data-element_type=\"widget\" data-widget_type=\"heading.default\">\n\t\t\t\t<div class=\"elementor-widget-container\">\n\t\t\t\t\t<h2 class=\"elementor-heading-title elementor-size-default\">Rechtsanw\u00e4ltin, Dr. iur.<\/h2>\t\t\t\t<\/div>\n\t\t\t\t<\/div>\n\t\t\t\t\t<\/div>\n\t\t<\/div>\n\t\t\t\t\t<\/div>\n\t\t<\/section>\n\t\t\t\t<section class=\"elementor-section elementor-top-section elementor-element elementor-element-6eb0e24 elementor-section-content-middle elementor-section-boxed elementor-section-height-default elementor-section-height-default\" data-id=\"6eb0e24\" data-element_type=\"section\">\n\t\t\t\t\t\t<div class=\"elementor-container elementor-column-gap-no\">\n\t\t\t\t\t<div class=\"elementor-column elementor-col-50 elementor-top-column elementor-element elementor-element-accd01b\" data-id=\"accd01b\" data-element_type=\"column\">\n\t\t\t<div class=\"elementor-widget-wrap elementor-element-populated\">\n\t\t\t\t\t\t<div class=\"elementor-element elementor-element-9a22d8b elementor-widget elementor-widget-image\" data-id=\"9a22d8b\" data-element_type=\"widget\" data-widget_type=\"image.default\">\n\t\t\t\t<div class=\"elementor-widget-container\">\n\t\t\t\t\t\t\t\t\t\t\t\t\t\t\t\t<a href=\"https:\/\/schaubhochl.ch\/rechtsanwaelte\/karin-hochl\/\">\n\t\t\t\t\t\t\t<img decoding=\"async\" width=\"1024\" height=\"845\" src=\"https:\/\/schaubhochl.ch\/wp-content\/uploads\/2019\/05\/Karin-Hochl-quer.jpg\" class=\"attachment-full size-full wp-image-1251\" alt=\"\" srcset=\"https:\/\/schaubhochl.ch\/wp-content\/uploads\/2019\/05\/Karin-Hochl-quer.jpg 1024w, https:\/\/schaubhochl.ch\/wp-content\/uploads\/2019\/05\/Karin-Hochl-quer-300x248.jpg 300w, https:\/\/schaubhochl.ch\/wp-content\/uploads\/2019\/05\/Karin-Hochl-quer-768x634.jpg 768w\" sizes=\"(max-width: 1024px) 100vw, 1024px\" \/>\t\t\t\t\t\t\t\t<\/a>\n\t\t\t\t\t\t\t\t\t\t\t\t\t\t\t<\/div>\n\t\t\t\t<\/div>\n\t\t\t\t\t<\/div>\n\t\t<\/div>\n\t\t\t\t<div class=\"elementor-column elementor-col-50 elementor-top-column elementor-element elementor-element-e1e199a\" data-id=\"e1e199a\" data-element_type=\"column\">\n\t\t\t<div class=\"elementor-widget-wrap elementor-element-populated\">\n\t\t\t\t\t\t<div class=\"elementor-element elementor-element-bae6bf8 elementor-view-default elementor-widget elementor-widget-icon\" data-id=\"bae6bf8\" data-element_type=\"widget\" data-widget_type=\"icon.default\">\n\t\t\t\t<div class=\"elementor-widget-container\">\n\t\t\t\t\t\t\t<div class=\"elementor-icon-wrapper\">\n\t\t\t<div class=\"elementor-icon\">\n\t\t\t\t\t\t\t<i class=\"fa fa-quote-left\" aria-hidden=\"true\"><\/i>\n\t\t\t\t\t\t<\/div>\n\t\t<\/div>\n\t\t\t\t\t\t<\/div>\n\t\t\t\t<\/div>\n\t\t\t\t<div class=\"elementor-element elementor-element-1417649 elementor-widget elementor-widget-text-editor\" data-id=\"1417649\" data-element_type=\"widget\" data-widget_type=\"text-editor.default\">\n\t\t\t\t<div class=\"elementor-widget-container\">\n\t\t\t\t\t\t\t\t\t<p>Als Anw\u00e4ltin unterst\u00fctze ich Sie bei der Erf\u00fcllung Ihres Kinderwunsches und der Absicherung Ihrer Familie. Weiter berate ich Sie bei der Vorsorge und Nachlassplanung. Ich setze mich\u00a0 f\u00fcr ein modernes und liberales Familien- und Erbrecht in der Schweiz ein.<\/p>\t\t\t\t\t\t\t\t<\/div>\n\t\t\t\t<\/div>\n\t\t\t\t<div class=\"elementor-element elementor-element-cfe3d4c elementor-widget elementor-widget-heading\" data-id=\"cfe3d4c\" data-element_type=\"widget\" data-widget_type=\"heading.default\">\n\t\t\t\t<div class=\"elementor-widget-container\">\n\t\t\t\t\t<h2 class=\"elementor-heading-title elementor-size-default\"><a href=\"https:\/\/schaubhochl.ch\/rechtsanwaelte\/karin-hochl\/\">Karin Hochl<\/a><\/h2>\t\t\t\t<\/div>\n\t\t\t\t<\/div>\n\t\t\t\t<div class=\"elementor-element elementor-element-313675d elementor-widget elementor-widget-heading\" data-id=\"313675d\" data-element_type=\"widget\" data-widget_type=\"heading.default\">\n\t\t\t\t<div class=\"elementor-widget-container\">\n\t\t\t\t\t<h2 class=\"elementor-heading-title elementor-size-default\">Rechtsanw\u00e4ltin, lic. iur. HSG<\/h2>\t\t\t\t<\/div>\n\t\t\t\t<\/div>\n\t\t\t\t\t<\/div>\n\t\t<\/div>\n\t\t\t\t\t<\/div>\n\t\t<\/section>\n\t\t\t\t<section class=\"elementor-section elementor-top-section elementor-element elementor-element-32d1344 elementor-section-content-middle elementor-section-boxed elementor-section-height-default elementor-section-height-default\" data-id=\"32d1344\" data-element_type=\"section\">\n\t\t\t\t\t\t<div class=\"elementor-container elementor-column-gap-no\">\n\t\t\t\t\t<div class=\"elementor-column elementor-col-50 elementor-top-column elementor-element elementor-element-bd87ead\" data-id=\"bd87ead\" data-element_type=\"column\">\n\t\t\t<div class=\"elementor-widget-wrap elementor-element-populated\">\n\t\t\t\t\t\t<div class=\"elementor-element elementor-element-07ec2b1 elementor-widget elementor-widget-image\" data-id=\"07ec2b1\" data-element_type=\"widget\" data-widget_type=\"image.default\">\n\t\t\t\t<div class=\"elementor-widget-container\">\n\t\t\t\t\t\t\t\t\t\t\t\t\t\t\t\t<a href=\"https:\/\/schaubhochl.ch\/rechtsanwaelte\/dinah-hetata\/\">\n\t\t\t\t\t\t\t<img decoding=\"async\" width=\"1024\" height=\"845\" src=\"https:\/\/schaubhochl.ch\/wp-content\/uploads\/2020\/04\/Dinah-Hetata-2020-quer.jpg\" class=\"attachment-full size-full wp-image-1914\" alt=\"\" srcset=\"https:\/\/schaubhochl.ch\/wp-content\/uploads\/2020\/04\/Dinah-Hetata-2020-quer.jpg 1024w, https:\/\/schaubhochl.ch\/wp-content\/uploads\/2020\/04\/Dinah-Hetata-2020-quer-300x248.jpg 300w, https:\/\/schaubhochl.ch\/wp-content\/uploads\/2020\/04\/Dinah-Hetata-2020-quer-768x634.jpg 768w\" sizes=\"(max-width: 1024px) 100vw, 1024px\" \/>\t\t\t\t\t\t\t\t<\/a>\n\t\t\t\t\t\t\t\t\t\t\t\t\t\t\t<\/div>\n\t\t\t\t<\/div>\n\t\t\t\t\t<\/div>\n\t\t<\/div>\n\t\t\t\t<div class=\"elementor-column elementor-col-50 elementor-top-column elementor-element elementor-element-054c7d7\" data-id=\"054c7d7\" data-element_type=\"column\">\n\t\t\t<div class=\"elementor-widget-wrap elementor-element-populated\">\n\t\t\t\t\t\t<div class=\"elementor-element elementor-element-474e848 elementor-view-default elementor-widget elementor-widget-icon\" data-id=\"474e848\" data-element_type=\"widget\" data-widget_type=\"icon.default\">\n\t\t\t\t<div class=\"elementor-widget-container\">\n\t\t\t\t\t\t\t<div class=\"elementor-icon-wrapper\">\n\t\t\t<div class=\"elementor-icon\">\n\t\t\t\t\t\t\t<i class=\"fa fa-quote-left\" aria-hidden=\"true\"><\/i>\n\t\t\t\t\t\t<\/div>\n\t\t<\/div>\n\t\t\t\t\t\t<\/div>\n\t\t\t\t<\/div>\n\t\t\t\t<div class=\"elementor-element elementor-element-c011c30 elementor-widget elementor-widget-text-editor\" data-id=\"c011c30\" data-element_type=\"widget\" data-widget_type=\"text-editor.default\">\n\t\t\t\t<div class=\"elementor-widget-container\">\n\t\t\t\t\t\t\t\t\t<p>Recht zu haben, gen\u00fcgt f\u00fcr sich alleine nicht \u2013 zu seinem Recht zu kommen, das ist das Ziel. Dabei helfe ich Ihnen. Ich berate Sie in allen Fragen zu Scheidung und Trennung, zum Kindesrecht, zum Ausl\u00e4nderrecht sowie auch als Opfer im Strafverfahren und entwickle individuelle und nachhaltige L\u00f6sungen f\u00fcr Sie.<\/p>\t\t\t\t\t\t\t\t<\/div>\n\t\t\t\t<\/div>\n\t\t\t\t<div class=\"elementor-element elementor-element-9ad4b03 elementor-widget elementor-widget-heading\" data-id=\"9ad4b03\" data-element_type=\"widget\" data-widget_type=\"heading.default\">\n\t\t\t\t<div class=\"elementor-widget-container\">\n\t\t\t\t\t<h2 class=\"elementor-heading-title elementor-size-default\"><a href=\"https:\/\/schaubhochl.ch\/rechtsanwaelte\/dinah-hetata\/\">Dinah Hetata<\/a><\/h2>\t\t\t\t<\/div>\n\t\t\t\t<\/div>\n\t\t\t\t<div class=\"elementor-element elementor-element-e4b8f97 elementor-widget elementor-widget-heading\" data-id=\"e4b8f97\" data-element_type=\"widget\" data-widget_type=\"heading.default\">\n\t\t\t\t<div class=\"elementor-widget-container\">\n\t\t\t\t\t<h2 class=\"elementor-heading-title elementor-size-default\">Rechtsanw\u00e4ltin, MLaw<\/h2>\t\t\t\t<\/div>\n\t\t\t\t<\/div>\n\t\t\t\t\t<\/div>\n\t\t<\/div>\n\t\t\t\t\t<\/div>\n\t\t<\/section>\n\t\t\t\t<section class=\"elementor-section elementor-top-section elementor-element elementor-element-edba779 elementor-section-content-middle elementor-section-boxed elementor-section-height-default elementor-section-height-default\" data-id=\"edba779\" data-element_type=\"section\">\n\t\t\t\t\t\t<div class=\"elementor-container elementor-column-gap-no\">\n\t\t\t\t\t<div class=\"elementor-column elementor-col-50 elementor-top-column elementor-element elementor-element-81628b2\" data-id=\"81628b2\" data-element_type=\"column\">\n\t\t\t<div class=\"elementor-widget-wrap elementor-element-populated\">\n\t\t\t\t\t\t<div class=\"elementor-element elementor-element-96f123f elementor-widget elementor-widget-image\" data-id=\"96f123f\" data-element_type=\"widget\" data-widget_type=\"image.default\">\n\t\t\t\t<div class=\"elementor-widget-container\">\n\t\t\t\t\t\t\t\t\t\t\t\t\t\t\t\t<a href=\"https:\/\/schaubhochl.ch\/rechtsanwaelte\/mirjam-stanek-braendle\/\">\n\t\t\t\t\t\t\t<img loading=\"lazy\" decoding=\"async\" width=\"1024\" height=\"845\" src=\"https:\/\/schaubhochl.ch\/wp-content\/uploads\/2020\/12\/Stanek-2020-quer.jpg\" class=\"attachment-full size-full wp-image-2472\" alt=\"\" srcset=\"https:\/\/schaubhochl.ch\/wp-content\/uploads\/2020\/12\/Stanek-2020-quer.jpg 1024w, https:\/\/schaubhochl.ch\/wp-content\/uploads\/2020\/12\/Stanek-2020-quer-300x248.jpg 300w, https:\/\/schaubhochl.ch\/wp-content\/uploads\/2020\/12\/Stanek-2020-quer-768x634.jpg 768w\" sizes=\"(max-width: 1024px) 100vw, 1024px\" \/>\t\t\t\t\t\t\t\t<\/a>\n\t\t\t\t\t\t\t\t\t\t\t\t\t\t\t<\/div>\n\t\t\t\t<\/div>\n\t\t\t\t\t<\/div>\n\t\t<\/div>\n\t\t\t\t<div class=\"elementor-column elementor-col-50 elementor-top-column elementor-element elementor-element-d25fe18\" data-id=\"d25fe18\" data-element_type=\"column\">\n\t\t\t<div class=\"elementor-widget-wrap elementor-element-populated\">\n\t\t\t\t\t\t<div class=\"elementor-element elementor-element-0ffbf09 elementor-view-default elementor-widget elementor-widget-icon\" data-id=\"0ffbf09\" data-element_type=\"widget\" data-widget_type=\"icon.default\">\n\t\t\t\t<div class=\"elementor-widget-container\">\n\t\t\t\t\t\t\t<div class=\"elementor-icon-wrapper\">\n\t\t\t<div class=\"elementor-icon\">\n\t\t\t\t\t\t\t<i class=\"fa fa-quote-left\" aria-hidden=\"true\"><\/i>\n\t\t\t\t\t\t<\/div>\n\t\t<\/div>\n\t\t\t\t\t\t<\/div>\n\t\t\t\t<\/div>\n\t\t\t\t<div class=\"elementor-element elementor-element-b38a20d elementor-widget elementor-widget-text-editor\" data-id=\"b38a20d\" data-element_type=\"widget\" data-widget_type=\"text-editor.default\">\n\t\t\t\t<div class=\"elementor-widget-container\">\n\t\t\t\t\t\t\t\t\t<p>Vertrauensvoll, kompetent und engagiert stehe ich Ihnen bei Fragen im Sozialversicherungsrecht, insbesondere bei Problemen mit der IV-Stelle, Versicherungen allgemein oder der Ausgleichskasse zur Seite. Auch bei Fragen im Miet- und Arbeitsrecht, Scheidungs- und Familienrecht, Erbrecht oder dem \u00dcbertretungsstrafrecht unterst\u00fctze ich Sie, berate Sie umfassend und trage so zum Erreichen einer erfolgreichen und individuellen L\u00f6sung bei.<\/p>\t\t\t\t\t\t\t\t<\/div>\n\t\t\t\t<\/div>\n\t\t\t\t<div class=\"elementor-element elementor-element-89ae126 elementor-widget elementor-widget-heading\" data-id=\"89ae126\" data-element_type=\"widget\" data-widget_type=\"heading.default\">\n\t\t\t\t<div class=\"elementor-widget-container\">\n\t\t\t\t\t<h2 class=\"elementor-heading-title elementor-size-default\"><a href=\"https:\/\/schaubhochl.ch\/rechtsanwaelte\/mirjam-stanek-braendle\/\">Mirjam Stanek Br\u00e4ndle<\/a><\/h2>\t\t\t\t<\/div>\n\t\t\t\t<\/div>\n\t\t\t\t<div class=\"elementor-element elementor-element-be498f0 elementor-widget elementor-widget-heading\" data-id=\"be498f0\" data-element_type=\"widget\" data-widget_type=\"heading.default\">\n\t\t\t\t<div class=\"elementor-widget-container\">\n\t\t\t\t\t<h2 class=\"elementor-heading-title elementor-size-default\">Rechtsanw\u00e4ltin, lic. iur.<\/h2>\t\t\t\t<\/div>\n\t\t\t\t<\/div>\n\t\t\t\t\t<\/div>\n\t\t<\/div>\n\t\t\t\t\t<\/div>\n\t\t<\/section>\n\t\t\t\t<\/div>\n\t\t","protected":false},"excerpt":{"rendered":"<p>Wir bieten qualifizierte Dienstleistungen in unseren Spezialgebieten mit pers\u00f6nlicher Beratung. Der direkte Kontakt schafft eine wertvolle Vertrauensbasis \u2013 das ist die Voraussetzung f\u00fcr eine erfolgreiche und langj\u00e4hrige Zusammenarbeit mit unseren Kunden. Gerne berate und unterst\u00fctze ich Sie als Vermieter, Verwaltung, Grundeigent\u00fcmer, K\u00e4ufer oder Verk\u00e4ufer, Bauherren oder Unternehmer kompetent und engagiert in s\u00e4mtlichen Fragen des Vertragsrechts. &#8230; <a title=\"Advokati\" class=\"read-more\" href=\"https:\/\/schaubhochl.ch\/sr\/advokati\/\" aria-label=\"Read more about Advokati\">Read more<\/a><\/p>\n","protected":false},"author":1,"featured_media":120,"parent":0,"menu_order":2,"comment_status":"closed","ping_status":"closed","template":"","meta":{"generate_page_header":"","footnotes":""},"class_list":{"0":"post-721","1":"page","2":"type-page","3":"status-publish","4":"has-post-thumbnail","6":"p864"},"publishpress_future_action":{"enabled":false,"date":"2026-05-02 20:49:00","action":"change-status","newStatus":"draft","terms":[],"taxonomy":"translation_priority","extraData":[]},"publishpress_future_workflow_manual_trigger":{"enabledWorkflows":[]},"_links":{"self":[{"href":"https:\/\/schaubhochl.ch\/sr\/wp-json\/wp\/v2\/pages\/721","targetHints":{"allow":["GET"]}}],"collection":[{"href":"https:\/\/schaubhochl.ch\/sr\/wp-json\/wp\/v2\/pages"}],"about":[{"href":"https:\/\/schaubhochl.ch\/sr\/wp-json\/wp\/v2\/types\/page"}],"author":[{"embeddable":true,"href":"https:\/\/schaubhochl.ch\/sr\/wp-json\/wp\/v2\/users\/1"}],"replies":[{"embeddable":true,"href":"https:\/\/schaubhochl.ch\/sr\/wp-json\/wp\/v2\/comments?post=721"}],"version-history":[{"count":19,"href":"https:\/\/schaubhochl.ch\/sr\/wp-json\/wp\/v2\/pages\/721\/revisions"}],"predecessor-version":[{"id":3473,"href":"https:\/\/schaubhochl.ch\/sr\/wp-json\/wp\/v2\/pages\/721\/revisions\/3473"}],"wp:featuredmedia":[{"embeddable":true,"href":"https:\/\/schaubhochl.ch\/sr\/wp-json\/wp\/v2\/media\/120"}],"wp:attachment":[{"href":"https:\/\/schaubhochl.ch\/sr\/wp-json\/wp\/v2\/media?parent=721"}],"curies":[{"name":"wp","href":"https:\/\/api.w.org\/{rel}","templated":true}]}}