  {"id":693,"date":"2018-12-19T12:23:44","date_gmt":"2018-12-19T12:23:44","guid":{"rendered":"http:\/\/schaubho.cyon.link\/?page_id=693"},"modified":"2020-06-16T14:01:23","modified_gmt":"2020-06-16T12:01:23","slug":"prestations-de-services","status":"publish","type":"page","link":"https:\/\/schaubhochl.ch\/sr\/prestations-de-services\/","title":{"rendered":"Usluge"},"content":{"rendered":"\t\t<div data-elementor-type=\"wp-post\" data-elementor-id=\"693\" class=\"elementor elementor-693 elementor-57\" data-elementor-post-type=\"page\">\n\t\t\t\t\t\t<section class=\"elementor-section elementor-top-section elementor-element elementor-element-8d604c7 elementor-section-boxed elementor-section-height-default elementor-section-height-default\" data-id=\"8d604c7\" data-element_type=\"section\">\n\t\t\t\t\t\t<div class=\"elementor-container elementor-column-gap-default\">\n\t\t\t\t\t<div class=\"elementor-column elementor-col-100 elementor-top-column elementor-element elementor-element-7349fc8\" data-id=\"7349fc8\" data-element_type=\"column\">\n\t\t\t<div class=\"elementor-widget-wrap elementor-element-populated\">\n\t\t\t\t\t\t<div class=\"elementor-element elementor-element-02e5cdf elementor-widget elementor-widget-text-editor\" data-id=\"02e5cdf\" data-element_type=\"widget\" data-widget_type=\"text-editor.default\">\n\t\t\t\t<div class=\"elementor-widget-container\">\n\t\t\t\t\t\t\t\t\t<p>Na srpskom nudimo slede\u0107e usluge:<\/p>\t\t\t\t\t\t\t\t<\/div>\n\t\t\t\t<\/div>\n\t\t\t\t<div class=\"elementor-element elementor-element-95f157c elementor-widget elementor-widget-spacer\" data-id=\"95f157c\" data-element_type=\"widget\" data-widget_type=\"spacer.default\">\n\t\t\t\t<div class=\"elementor-widget-container\">\n\t\t\t\t\t\t\t<div class=\"elementor-spacer\">\n\t\t\t<div class=\"elementor-spacer-inner\"><\/div>\n\t\t<\/div>\n\t\t\t\t\t\t<\/div>\n\t\t\t\t<\/div>\n\t\t\t\t\t<\/div>\n\t\t<\/div>\n\t\t\t\t\t<\/div>\n\t\t<\/section>\n\t\t\t\t<section class=\"elementor-section elementor-top-section elementor-element elementor-element-3adc9f0 elementor-section-boxed elementor-section-height-default elementor-section-height-default\" data-id=\"3adc9f0\" data-element_type=\"section\">\n\t\t\t\t\t\t<div class=\"elementor-container elementor-column-gap-default\">\n\t\t\t\t\t<div class=\"elementor-column elementor-col-100 elementor-top-column elementor-element elementor-element-5d887ffe\" data-id=\"5d887ffe\" data-element_type=\"column\">\n\t\t\t<div class=\"elementor-widget-wrap elementor-element-populated\">\n\t\t\t\t\t\t<div class=\"elementor-element elementor-element-0e46ac8 elementor-widget elementor-widget-accordion\" data-id=\"0e46ac8\" data-element_type=\"widget\" data-widget_type=\"accordion.default\">\n\t\t\t\t<div class=\"elementor-widget-container\">\n\t\t\t\t\t\t\t<div class=\"elementor-accordion\">\n\t\t\t\t\t\t\t<div class=\"elementor-accordion-item\">\n\t\t\t\t\t<div id=\"elementor-tab-title-1491\" class=\"elementor-tab-title\" data-tab=\"1\" role=\"button\" aria-controls=\"elementor-tab-content-1491\" aria-expanded=\"false\">\n\t\t\t\t\t\t\t\t\t\t\t\t\t<span class=\"elementor-accordion-icon elementor-accordion-icon-right\" aria-hidden=\"true\">\n\t\t\t\t\t\t\t\t\t\t\t\t\t\t\t<i class=\"elementor-accordion-icon-closed fa fa-angle-right\"><\/i>\n\t\t\t\t\t\t\t\t<i class=\"elementor-accordion-icon-opened fa fa-angle-down\"><\/i>\n\t\t\t\t\t\t\t\t\t\t\t\t\t\t<\/span>\n\t\t\t\t\t\t\t\t\t\t\t\t<a class=\"elementor-accordion-title\" tabindex=\"0\">Imovinsko- pravni odnosi u vezi sa nepokretnostima<\/a>\n\t\t\t\t\t<\/div>\n\t\t\t\t\t<div id=\"elementor-tab-content-1491\" class=\"elementor-tab-content elementor-clearfix\" data-tab=\"1\" role=\"region\" aria-labelledby=\"elementor-tab-title-1491\"><div id=\"ui-accordion-accordion-panel-1\" class=\"show-for-print ui-accordion-content ui-helper-reset ui-widget-content ui-corner-bottom ui-accordion-content-active\" role=\"tabpanel\" aria-labelledby=\"ui-accordion-accordion-header-1\" aria-hidden=\"false\"><div id=\"ui-accordion-accordion-panel-0\" class=\"show-for-print ui-accordion-content ui-helper-reset ui-widget-content ui-corner-bottom ui-accordion-content-active\" role=\"tabpanel\" aria-labelledby=\"ui-accordion-accordion-header-0\" aria-hidden=\"false\"><ul><li>Nekretnine i njihovo kori\u0161\u0107enje<\/li><li>Izrada ugovora o kupoprodaji<\/li><li>Optere\u0107enje i upis prava kori\u0161\u0107enja nekretnina<\/li><li>Pravo kori\u0161\u0107enja i stambeno pravo<\/li><li>Porez na zaradu od parcela<\/li><li>Prodaja nekretnina<\/li><\/ul><p>Kontakt: <a href=\"https:\/\/schaubhochl.ch\/sr\/advokati\/marianne-schaub-hristic\">Advokat Dr. Marianne Schaub-Hristi\u0107<\/a><\/p><\/div><\/div><\/div>\n\t\t\t\t<\/div>\n\t\t\t\t\t\t\t<div class=\"elementor-accordion-item\">\n\t\t\t\t\t<div id=\"elementor-tab-title-1492\" class=\"elementor-tab-title\" data-tab=\"2\" role=\"button\" aria-controls=\"elementor-tab-content-1492\" aria-expanded=\"false\">\n\t\t\t\t\t\t\t\t\t\t\t\t\t<span class=\"elementor-accordion-icon elementor-accordion-icon-right\" aria-hidden=\"true\">\n\t\t\t\t\t\t\t\t\t\t\t\t\t\t\t<i class=\"elementor-accordion-icon-closed fa fa-angle-right\"><\/i>\n\t\t\t\t\t\t\t\t<i class=\"elementor-accordion-icon-opened fa fa-angle-down\"><\/i>\n\t\t\t\t\t\t\t\t\t\t\t\t\t\t<\/span>\n\t\t\t\t\t\t\t\t\t\t\t\t<a class=\"elementor-accordion-title\" tabindex=\"0\">Obligaciono (ugovorno) pravo<\/a>\n\t\t\t\t\t<\/div>\n\t\t\t\t\t<div id=\"elementor-tab-content-1492\" class=\"elementor-tab-content elementor-clearfix\" data-tab=\"2\" role=\"region\" aria-labelledby=\"elementor-tab-title-1492\"><div id=\"ui-accordion-accordion-panel-4\" class=\"show-for-print ui-accordion-content ui-helper-reset ui-widget-content ui-corner-bottom ui-accordion-content-active\" role=\"tabpanel\" aria-labelledby=\"ui-accordion-accordion-header-4\" aria-hidden=\"false\"><div id=\"ui-accordion-accordion-panel-3\" class=\"show-for-print ui-accordion-content ui-helper-reset ui-widget-content ui-corner-bottom ui-accordion-content-active\" role=\"tabpanel\" aria-labelledby=\"ui-accordion-accordion-header-3\" aria-hidden=\"false\"><ul><li>Koncepcija ugovora, provera i pregovori u vezi sa zaklju\u010denjem ugovora<\/li><li>Savetovanje kod realizacije, tuma\u010denja i analize ugovora<\/li><li>Izrada i a\u017euriranje ugovornih modela primerenih potrebama<\/li><li>Obrasci ugovora i Op\u0161ti uslovi poslovanja (AGB)<\/li><li>Izvr\u0161enje ugovornih prava i potra\u017eivanja<\/li><\/ul><p>Kontakt: <a href=\"https:\/\/schaubhochl.ch\/sr\/advokati\/marianne-schaub-hristic\">Advokat Dr. Marianne Schaub-Hristi\u0107<\/a><\/p><\/div><\/div><\/div>\n\t\t\t\t<\/div>\n\t\t\t\t\t\t\t<div class=\"elementor-accordion-item\">\n\t\t\t\t\t<div id=\"elementor-tab-title-1493\" class=\"elementor-tab-title\" data-tab=\"3\" role=\"button\" aria-controls=\"elementor-tab-content-1493\" aria-expanded=\"false\">\n\t\t\t\t\t\t\t\t\t\t\t\t\t<span class=\"elementor-accordion-icon elementor-accordion-icon-right\" aria-hidden=\"true\">\n\t\t\t\t\t\t\t\t\t\t\t\t\t\t\t<i class=\"elementor-accordion-icon-closed fa fa-angle-right\"><\/i>\n\t\t\t\t\t\t\t\t<i class=\"elementor-accordion-icon-opened fa fa-angle-down\"><\/i>\n\t\t\t\t\t\t\t\t\t\t\t\t\t\t<\/span>\n\t\t\t\t\t\t\t\t\t\t\t\t<a class=\"elementor-accordion-title\" tabindex=\"0\">Prinudna naplata i uklanjanje pravnih prepreka u postupku prinudne naplate<\/a>\n\t\t\t\t\t<\/div>\n\t\t\t\t\t<div id=\"elementor-tab-content-1493\" class=\"elementor-tab-content elementor-clearfix\" data-tab=\"3\" role=\"region\" aria-labelledby=\"elementor-tab-title-1493\"><div id=\"ui-accordion-accordion-panel-5\" class=\"show-for-print ui-accordion-content ui-helper-reset ui-widget-content ui-corner-bottom ui-accordion-content-active\" role=\"tabpanel\" aria-labelledby=\"ui-accordion-accordion-header-5\" aria-hidden=\"false\"><ul><li>Naplata potra\u017eivanja putem prinudne naplate i u postupku ste\u010daja<\/li><li>Postupak uklanjanje pravnih prepreka u postupku prinudne naplate<\/li><li>Osiguranje imovine posredstvom zaplene<\/li><li>Izvr\u0161avanje stranih sudskih odluka i drugih du\u017eni\u010dkih instrumenata<\/li><\/ul><p>Kontakt: <a href=\"https:\/\/schaubhochl.ch\/sr\/advokati\/marianne-schaub-hristic\">Advokat Dr. Marianne Schaub-Hristi\u0107<\/a><\/p><\/div><\/div>\n\t\t\t\t<\/div>\n\t\t\t\t\t\t\t<div class=\"elementor-accordion-item\">\n\t\t\t\t\t<div id=\"elementor-tab-title-1494\" class=\"elementor-tab-title\" data-tab=\"4\" role=\"button\" aria-controls=\"elementor-tab-content-1494\" aria-expanded=\"false\">\n\t\t\t\t\t\t\t\t\t\t\t\t\t<span class=\"elementor-accordion-icon elementor-accordion-icon-right\" aria-hidden=\"true\">\n\t\t\t\t\t\t\t\t\t\t\t\t\t\t\t<i class=\"elementor-accordion-icon-closed fa fa-angle-right\"><\/i>\n\t\t\t\t\t\t\t\t<i class=\"elementor-accordion-icon-opened fa fa-angle-down\"><\/i>\n\t\t\t\t\t\t\t\t\t\t\t\t\t\t<\/span>\n\t\t\t\t\t\t\t\t\t\t\t\t<a class=\"elementor-accordion-title\" tabindex=\"0\">Radno pravo<\/a>\n\t\t\t\t\t<\/div>\n\t\t\t\t\t<div id=\"elementor-tab-content-1494\" class=\"elementor-tab-content elementor-clearfix\" data-tab=\"4\" role=\"region\" aria-labelledby=\"elementor-tab-title-1494\"><div id=\"ui-accordion-accordion-panel-7\" class=\"show-for-print ui-accordion-content ui-helper-reset ui-widget-content ui-corner-bottom ui-accordion-content-active\" role=\"tabpanel\" aria-labelledby=\"ui-accordion-accordion-header-7\" aria-hidden=\"false\"><ul><li>Radni ugovori<\/li><li>Pravna zastita kod otkaza ugovora o radu, izjave o otpu\u0161tanju<\/li><li>Potra\u017eivanje neispa\u0107enih zarada<\/li><\/ul><p>Kontakt: <a href=\"https:\/\/schaubhochl.ch\/sr\/advokati\/marianne-schaub-hristic\">Advokat Dr. Marianne Schaub-Hristi\u0107<\/a><\/p><\/div><\/div>\n\t\t\t\t<\/div>\n\t\t\t\t\t\t\t<div class=\"elementor-accordion-item\">\n\t\t\t\t\t<div id=\"elementor-tab-title-1495\" class=\"elementor-tab-title\" data-tab=\"5\" role=\"button\" aria-controls=\"elementor-tab-content-1495\" aria-expanded=\"false\">\n\t\t\t\t\t\t\t\t\t\t\t\t\t<span class=\"elementor-accordion-icon elementor-accordion-icon-right\" aria-hidden=\"true\">\n\t\t\t\t\t\t\t\t\t\t\t\t\t\t\t<i class=\"elementor-accordion-icon-closed fa fa-angle-right\"><\/i>\n\t\t\t\t\t\t\t\t<i class=\"elementor-accordion-icon-opened fa fa-angle-down\"><\/i>\n\t\t\t\t\t\t\t\t\t\t\t\t\t\t<\/span>\n\t\t\t\t\t\t\t\t\t\t\t\t<a class=\"elementor-accordion-title\" tabindex=\"0\">Stanarsko pravo<\/a>\n\t\t\t\t\t<\/div>\n\t\t\t\t\t<div id=\"elementor-tab-content-1495\" class=\"elementor-tab-content elementor-clearfix\" data-tab=\"5\" role=\"region\" aria-labelledby=\"elementor-tab-title-1495\"><div id=\"ui-accordion-accordion-panel-9\" class=\"show-for-print ui-accordion-content ui-helper-reset ui-widget-content ui-corner-bottom ui-accordion-content-active\" role=\"tabpanel\" aria-labelledby=\"ui-accordion-accordion-header-9\" aria-hidden=\"false\"><ul><li>Savetovanje za izdavaoce (zakupodavce) nekretnina i agencije za upravljanje nekretninama<\/li><li>Izrada i zaklju\u010divanje ugovora o zakupu nekretnina<\/li><li>Pove\u0107anja stanarine nakon (generalnog) renoviranja<\/li><li>Izvr\u0161enje prava i obaveza iz ugovora o zakupu nekretnina<\/li><li>Procedura u slu\u010daju postojanja nedostataka na objektu zakupa<\/li><li>Procedura u slu\u010daju kasnjenja pla\u0107anja od strane stanara(zakupca)<\/li><li>Otkazivanje ugovora o zakupu nekretnina<\/li><li>Naplata nepla\u0107ene stanarine<\/li><li>Zastupanje pred arbitra\u017enim organima i sudovima<\/li><li>Postupak prinudnog iseljenja<\/li><\/ul><p>Kontakt: <a href=\"https:\/\/schaubhochl.ch\/sr\/advokati\/marianne-schaub-hristic\">Advokat Dr. Marianne Schaub-Hristi\u0107<\/a><\/p><\/div><\/div>\n\t\t\t\t<\/div>\n\t\t\t\t\t\t\t<div class=\"elementor-accordion-item\">\n\t\t\t\t\t<div id=\"elementor-tab-title-1496\" class=\"elementor-tab-title\" data-tab=\"6\" role=\"button\" aria-controls=\"elementor-tab-content-1496\" aria-expanded=\"false\">\n\t\t\t\t\t\t\t\t\t\t\t\t\t<span class=\"elementor-accordion-icon elementor-accordion-icon-right\" aria-hidden=\"true\">\n\t\t\t\t\t\t\t\t\t\t\t\t\t\t\t<i class=\"elementor-accordion-icon-closed fa fa-angle-right\"><\/i>\n\t\t\t\t\t\t\t\t<i class=\"elementor-accordion-icon-opened fa fa-angle-down\"><\/i>\n\t\t\t\t\t\t\t\t\t\t\t\t\t\t<\/span>\n\t\t\t\t\t\t\t\t\t\t\t\t<a class=\"elementor-accordion-title\" tabindex=\"0\">Suvlasni\u0161tvo nad nekretninama i susedsko pravo \/ Susedska prava i obaveze<\/a>\n\t\t\t\t\t<\/div>\n\t\t\t\t\t<div id=\"elementor-tab-content-1496\" class=\"elementor-tab-content elementor-clearfix\" data-tab=\"6\" role=\"region\" aria-labelledby=\"elementor-tab-title-1496\"><div id=\"ui-accordion-accordion-panel-10\" class=\"show-for-print ui-accordion-content ui-helper-reset ui-widget-content ui-corner-bottom ui-accordion-content-active\" role=\"tabpanel\" aria-labelledby=\"ui-accordion-accordion-header-10\" aria-hidden=\"false\"><ul><li>Preterane emisije (buke)<\/li><li>Drve\u0107e i \u017ebunje u susedskom pravu<\/li><li>Prava i obaveze iz suvlasni\u0161tva nad nekretninama<\/li><li>Osporavanje odluka zajednice vlasnika nad nekretninama<\/li><\/ul><p>Kontakt: <a href=\"https:\/\/schaubhochl.ch\/sr\/advokati\/marianne-schaub-hristic\">Advokat Dr. Marianne Schaub-Hristi\u0107<\/a><\/p><\/div><\/div>\n\t\t\t\t<\/div>\n\t\t\t\t\t\t\t<div class=\"elementor-accordion-item\">\n\t\t\t\t\t<div id=\"elementor-tab-title-1497\" class=\"elementor-tab-title\" data-tab=\"7\" role=\"button\" aria-controls=\"elementor-tab-content-1497\" aria-expanded=\"false\">\n\t\t\t\t\t\t\t\t\t\t\t\t\t<span class=\"elementor-accordion-icon elementor-accordion-icon-right\" aria-hidden=\"true\">\n\t\t\t\t\t\t\t\t\t\t\t\t\t\t\t<i class=\"elementor-accordion-icon-closed fa fa-angle-right\"><\/i>\n\t\t\t\t\t\t\t\t<i class=\"elementor-accordion-icon-opened fa fa-angle-down\"><\/i>\n\t\t\t\t\t\t\t\t\t\t\t\t\t\t<\/span>\n\t\t\t\t\t\t\t\t\t\t\t\t<a class=\"elementor-accordion-title\" tabindex=\"0\">Ugovor o delu i privatno gra\u0111evinsko pravo<\/a>\n\t\t\t\t\t<\/div>\n\t\t\t\t\t<div id=\"elementor-tab-content-1497\" class=\"elementor-tab-content elementor-clearfix\" data-tab=\"7\" role=\"region\" aria-labelledby=\"elementor-tab-title-1497\"><div id=\"ui-accordion-accordion-panel-11\" class=\"show-for-print ui-accordion-content ui-helper-reset ui-widget-content ui-corner-bottom ui-accordion-content-active\" role=\"tabpanel\" aria-labelledby=\"ui-accordion-accordion-header-11\" aria-hidden=\"false\"><ul><li>Oblikovanje i zaklju\u010divanje ugovora o delu i ugovora o arhitektonskim uslugama<\/li><li>Unos, brisanje zalo\u017enih prava iz oblasti gra\u0111evinskog zanatstva<\/li><li>Izvr\u0161enje potra\u017eivanja iz ugovora o delu<\/li><li>Nedostaci izvr\u0161enim radovima \/ \u017dalbe povodom nedostataka<\/li><li>Naknadna dorada<\/li><li>Preterane emisije (buke)<\/li><\/ul><p>Kontakt: <a href=\"https:\/\/schaubhochl.ch\/sr\/advokati\/marianne-schaub-hristic\">Advokat Dr. Marianne Schaub-Hristi\u0107<\/a><\/p><\/div><\/div>\n\t\t\t\t<\/div>\n\t\t\t\t\t\t\t\t<\/div>\n\t\t\t\t\t\t<\/div>\n\t\t\t\t<\/div>\n\t\t\t\t\t<\/div>\n\t\t<\/div>\n\t\t\t\t\t<\/div>\n\t\t<\/section>\n\t\t\t\t<\/div>\n\t\t","protected":false},"excerpt":{"rendered":"<p>Na srpskom nudimo slede\u0107e usluge: Imovinsko- pravni odnosi u vezi sa nepokretnostima Nekretnine i njihovo kori\u0161\u0107enje Izrada ugovora o kupoprodaji Optere\u0107enje i upis prava kori\u0161\u0107enja nekretnina Pravo kori\u0161\u0107enja i stambeno pravo Porez na zaradu od parcela Prodaja nekretnina Kontakt: Advokat Dr. Marianne Schaub-Hristi\u0107 Obligaciono (ugovorno) pravo Koncepcija ugovora, provera i pregovori u vezi sa zaklju\u010denjem &#8230; <a title=\"Usluge\" class=\"read-more\" href=\"https:\/\/schaubhochl.ch\/sr\/prestations-de-services\/\" aria-label=\"Read more about Usluge\">Read more<\/a><\/p>\n","protected":false},"author":1,"featured_media":1786,"parent":0,"menu_order":1,"comment_status":"closed","ping_status":"closed","template":"","meta":{"generate_page_header":"","footnotes":""},"class_list":{"0":"post-693","1":"page","2":"type-page","3":"status-publish","4":"has-post-thumbnail","6":"p1274"},"publishpress_future_action":{"enabled":false,"date":"2026-04-23 19:45:09","action":"change-status","newStatus":"draft","terms":[],"taxonomy":"translation_priority","extraData":[]},"publishpress_future_workflow_manual_trigger":{"enabledWorkflows":[]},"_links":{"self":[{"href":"https:\/\/schaubhochl.ch\/sr\/wp-json\/wp\/v2\/pages\/693","targetHints":{"allow":["GET"]}}],"collection":[{"href":"https:\/\/schaubhochl.ch\/sr\/wp-json\/wp\/v2\/pages"}],"about":[{"href":"https:\/\/schaubhochl.ch\/sr\/wp-json\/wp\/v2\/types\/page"}],"author":[{"embeddable":true,"href":"https:\/\/schaubhochl.ch\/sr\/wp-json\/wp\/v2\/users\/1"}],"replies":[{"embeddable":true,"href":"https:\/\/schaubhochl.ch\/sr\/wp-json\/wp\/v2\/comments?post=693"}],"version-history":[{"count":20,"href":"https:\/\/schaubhochl.ch\/sr\/wp-json\/wp\/v2\/pages\/693\/revisions"}],"predecessor-version":[{"id":2198,"href":"https:\/\/schaubhochl.ch\/sr\/wp-json\/wp\/v2\/pages\/693\/revisions\/2198"}],"wp:featuredmedia":[{"embeddable":true,"href":"https:\/\/schaubhochl.ch\/sr\/wp-json\/wp\/v2\/media\/1786"}],"wp:attachment":[{"href":"https:\/\/schaubhochl.ch\/sr\/wp-json\/wp\/v2\/media?parent=693"}],"curies":[{"name":"wp","href":"https:\/\/api.w.org\/{rel}","templated":true}]}}