  {"id":680,"date":"2018-12-19T09:55:12","date_gmt":"2018-12-19T09:55:12","guid":{"rendered":"http:\/\/schaubho.cyon.link\/?page_id=680"},"modified":"2019-10-18T11:24:20","modified_gmt":"2019-10-18T09:24:20","slug":"home","status":"publish","type":"page","link":"https:\/\/schaubhochl.ch\/sr\/","title":{"rendered":"Va\u0161a advokatska kancelarija u Vinterturu"},"content":{"rendered":"<p>Advokatska kancelarija Schaub Hochl je specijalizovana advokatska kancelarija u starom gradskom jezgru Vintertura. Pru\u017eamo sveobuhvatne usluge u oblasti <strong>porodi\u010dnog<\/strong> i <strong>naslednog prava<\/strong>(ostavinskog postupka i dr.), kao i na podru\u010dju <strong>stanarskog prava<\/strong> i <strong>imovinsko-pravnih odnosa u vezi sa nepokretnostima<\/strong>.<\/p>\n<p>\u017delite li da napravite testament ili \u017eelite savetovanje u ostavinskom postupku? Da li planirate da zaklju\u010dite predbra\u010dni ugovor? Suo\u010davate li se sa postupkom razdvajanja i \u017eelite da porazgovarate o posledicama mogu\u0107eg razvoda? Rado \u0107emo Vas informisati i pratiti Vas kroz pregovore i sudski postupak.<\/p>\n<p>Imate li kao vlasnik nekretnina za izdavanja pitanja u vezi sa stanarskim pravom? Da li Vam je kao vlasniku nekretnine potrebna pravna pomo\u0107 u oblasti privatnog gra\u0111evinskog prava? Da li \u017eelite da proverite ugovor o delu na Va\u0161em objektu ili da otklonite nedostatke na gradili\u0161tu? \u017delite li savetovanje u vezi sa suvlasnistvom nad nekretninama? Kod nas ste u dobrim rukama.<\/p>\n<p>Veoma su nam va\u017eni individualno savetovanje i li\u010dna podr\u0161ka. Direktan kontakt je odli\u010dan osnov za stvaranje poverenja \u2013 a to je va\u017ean preduslov <strong>uspe\u0161ne i dugotrajne saradnje<\/strong>. Te\u017ei\u0161te na\u0161eg rada je na kvalitetu i efikasnosti, a re\u0161enja koja nudimo su sveobuhvatna. Na\u0161 tim je profesionalan, anga\u017eovan i u svom radu je orijentisan ka postizanju ciljeva.<\/p>\n<p>Va\u0161 slu\u010daj je kod nas u dobrim rukama. Na\u0161 cilj je va\u0161e zadovoljstvo.<\/p>\n","protected":false},"excerpt":{"rendered":"<p>Advokatska kancelarija Schaub Hochl je specijalizovana advokatska kancelarija u starom gradskom jezgru Vintertura. Pru\u017eamo sveobuhvatne usluge u oblasti porodi\u010dnog i naslednog prava(ostavinskog postupka i dr.), kao i na podru\u010dju stanarskog prava i imovinsko-pravnih odnosa u vezi sa nepokretnostima. \u017delite li da napravite testament ili \u017eelite savetovanje u ostavinskom postupku? Da li planirate da zaklju\u010dite predbra\u010dni &#8230; <a title=\"Va\u0161a advokatska kancelarija u Vinterturu\" class=\"read-more\" href=\"https:\/\/schaubhochl.ch\/sr\/\" aria-label=\"Read more about Va\u0161a advokatska kancelarija u Vinterturu\">Read more<\/a><\/p>\n","protected":false},"author":1,"featured_media":1737,"parent":0,"menu_order":0,"comment_status":"closed","ping_status":"closed","template":"","meta":{"generate_page_header":"","footnotes":""},"class_list":{"0":"post-680","1":"page","2":"type-page","3":"status-publish","4":"has-post-thumbnail","6":"p863"},"publishpress_future_action":{"enabled":false,"date":"2026-05-08 15:40:58","action":"change-status","newStatus":"draft","terms":[],"taxonomy":"translation_priority","extraData":[]},"publishpress_future_workflow_manual_trigger":{"enabledWorkflows":[]},"_links":{"self":[{"href":"https:\/\/schaubhochl.ch\/sr\/wp-json\/wp\/v2\/pages\/680","targetHints":{"allow":["GET"]}}],"collection":[{"href":"https:\/\/schaubhochl.ch\/sr\/wp-json\/wp\/v2\/pages"}],"about":[{"href":"https:\/\/schaubhochl.ch\/sr\/wp-json\/wp\/v2\/types\/page"}],"author":[{"embeddable":true,"href":"https:\/\/schaubhochl.ch\/sr\/wp-json\/wp\/v2\/users\/1"}],"replies":[{"embeddable":true,"href":"https:\/\/schaubhochl.ch\/sr\/wp-json\/wp\/v2\/comments?post=680"}],"version-history":[{"count":1,"href":"https:\/\/schaubhochl.ch\/sr\/wp-json\/wp\/v2\/pages\/680\/revisions"}],"predecessor-version":[{"id":681,"href":"https:\/\/schaubhochl.ch\/sr\/wp-json\/wp\/v2\/pages\/680\/revisions\/681"}],"wp:featuredmedia":[{"embeddable":true,"href":"https:\/\/schaubhochl.ch\/sr\/wp-json\/wp\/v2\/media\/1737"}],"wp:attachment":[{"href":"https:\/\/schaubhochl.ch\/sr\/wp-json\/wp\/v2\/media?parent=680"}],"curies":[{"name":"wp","href":"https:\/\/api.w.org\/{rel}","templated":true}]}}