  {"id":767,"date":"2019-01-07T12:12:33","date_gmt":"2019-01-07T12:12:33","guid":{"rendered":"http:\/\/schaubho.cyon.link\/?page_id=767"},"modified":"2026-02-17T10:09:55","modified_gmt":"2026-02-17T09:09:55","slug":"collaborateurs","status":"publish","type":"page","link":"https:\/\/schaubhochl.ch\/fr\/collaborateurs\/","title":{"rendered":"Collaborateurs"},"content":{"rendered":"\t\t<div data-elementor-type=\"wp-post\" data-elementor-id=\"767\" class=\"elementor elementor-767 elementor-61\" data-elementor-post-type=\"page\">\n\t\t\t\t\t\t<section class=\"elementor-section elementor-top-section elementor-element elementor-element-849bfbb elementor-section-boxed elementor-section-height-default elementor-section-height-default\" data-id=\"849bfbb\" data-element_type=\"section\">\n\t\t\t\t\t\t<div class=\"elementor-container elementor-column-gap-default\">\n\t\t\t\t\t<div class=\"elementor-column elementor-col-100 elementor-top-column elementor-element elementor-element-2050df6\" data-id=\"2050df6\" data-element_type=\"column\">\n\t\t\t<div class=\"elementor-widget-wrap elementor-element-populated\">\n\t\t\t\t\t\t<div class=\"elementor-element elementor-element-7d75ffb elementor-widget elementor-widget-spacer\" data-id=\"7d75ffb\" data-element_type=\"widget\" data-widget_type=\"spacer.default\">\n\t\t\t\t<div class=\"elementor-widget-container\">\n\t\t\t\t\t\t\t<div class=\"elementor-spacer\">\n\t\t\t<div class=\"elementor-spacer-inner\"><\/div>\n\t\t<\/div>\n\t\t\t\t\t\t<\/div>\n\t\t\t\t<\/div>\n\t\t\t\t\t<\/div>\n\t\t<\/div>\n\t\t\t\t\t<\/div>\n\t\t<\/section>\n\t\t\t\t<section class=\"elementor-section elementor-top-section elementor-element elementor-element-72121dc elementor-section-boxed elementor-section-height-default elementor-section-height-default\" data-id=\"72121dc\" data-element_type=\"section\">\n\t\t\t\t\t\t<div class=\"elementor-container elementor-column-gap-default\">\n\t\t\t\t\t<div class=\"elementor-column elementor-col-100 elementor-top-column elementor-element elementor-element-e215ce0\" data-id=\"e215ce0\" data-element_type=\"column\">\n\t\t\t<div class=\"elementor-widget-wrap elementor-element-populated\">\n\t\t\t\t\t\t<div class=\"elementor-element elementor-element-c8cbeae elementor-widget elementor-widget-spacer\" data-id=\"c8cbeae\" data-element_type=\"widget\" data-widget_type=\"spacer.default\">\n\t\t\t\t<div class=\"elementor-widget-container\">\n\t\t\t\t\t\t\t<div class=\"elementor-spacer\">\n\t\t\t<div class=\"elementor-spacer-inner\"><\/div>\n\t\t<\/div>\n\t\t\t\t\t\t<\/div>\n\t\t\t\t<\/div>\n\t\t\t\t\t<\/div>\n\t\t<\/div>\n\t\t\t\t\t<\/div>\n\t\t<\/section>\n\t\t\t\t<section class=\"elementor-section elementor-top-section elementor-element elementor-element-d44feec elementor-section-boxed elementor-section-height-default elementor-section-height-default\" data-id=\"d44feec\" data-element_type=\"section\">\n\t\t\t\t\t\t<div class=\"elementor-container elementor-column-gap-default\">\n\t\t\t\t\t<div class=\"elementor-column elementor-col-33 elementor-top-column elementor-element elementor-element-16b2b8d\" data-id=\"16b2b8d\" data-element_type=\"column\">\n\t\t\t<div class=\"elementor-widget-wrap elementor-element-populated\">\n\t\t\t\t\t\t<div class=\"elementor-element elementor-element-0f29039 elementor-widget elementor-widget-image\" data-id=\"0f29039\" data-element_type=\"widget\" data-widget_type=\"image.default\">\n\t\t\t\t<div class=\"elementor-widget-container\">\n\t\t\t\t\t\t\t\t\t\t\t\t\t\t\t<img fetchpriority=\"high\" decoding=\"async\" width=\"1916\" height=\"2549\" src=\"https:\/\/schaubhochl.ch\/wp-content\/uploads\/2025\/10\/Rubina-Chouhan_Hompage_neu.jpg\" class=\"attachment-full size-full wp-image-3534\" alt=\"\" srcset=\"https:\/\/schaubhochl.ch\/wp-content\/uploads\/2025\/10\/Rubina-Chouhan_Hompage_neu.jpg 1916w, https:\/\/schaubhochl.ch\/wp-content\/uploads\/2025\/10\/Rubina-Chouhan_Hompage_neu-226x300.jpg 226w, https:\/\/schaubhochl.ch\/wp-content\/uploads\/2025\/10\/Rubina-Chouhan_Hompage_neu-770x1024.jpg 770w, https:\/\/schaubhochl.ch\/wp-content\/uploads\/2025\/10\/Rubina-Chouhan_Hompage_neu-768x1022.jpg 768w, https:\/\/schaubhochl.ch\/wp-content\/uploads\/2025\/10\/Rubina-Chouhan_Hompage_neu-1155x1536.jpg 1155w, https:\/\/schaubhochl.ch\/wp-content\/uploads\/2025\/10\/Rubina-Chouhan_Hompage_neu-1539x2048.jpg 1539w\" sizes=\"(max-width: 1916px) 100vw, 1916px\" \/>\t\t\t\t\t\t\t\t\t\t\t\t\t\t\t<\/div>\n\t\t\t\t<\/div>\n\t\t\t\t\t<\/div>\n\t\t<\/div>\n\t\t\t\t<div class=\"elementor-column elementor-col-66 elementor-top-column elementor-element elementor-element-81dc813\" data-id=\"81dc813\" data-element_type=\"column\">\n\t\t\t<div class=\"elementor-widget-wrap elementor-element-populated\">\n\t\t\t\t\t\t<div class=\"elementor-element elementor-element-77dfabf elementor-widget elementor-widget-text-editor\" data-id=\"77dfabf\" data-element_type=\"widget\" data-widget_type=\"text-editor.default\">\n\t\t\t\t<div class=\"elementor-widget-container\">\n\t\t\t\t\t\t\t\t\t<h2>Rubina Chouhan<\/h2><p>MLaw<\/p><h3>Formation \/ Activit\u00e9s:<\/h3><dl><dt>depuis 2024<\/dt><dd>Assistante chez Schaub Hochl Rechtsanw\u00e4lte AG<\/dd><dt>depuis 2019<\/dt><dd>Etudes de droit, Universit\u00e9 de Zurich<\/dd><dt>2012 &#8211; 2018<\/dt><dd>Maturit\u00e9 ax\u00e9e sur l&rsquo;espagnol, Kantonsschule Rychenberg<\/dd><\/dl><h3>Langues<\/h3><p>Allemand, anglais, fran\u00e7ais, espagnol<\/p>\t\t\t\t\t\t\t\t<\/div>\n\t\t\t\t<\/div>\n\t\t\t\t\t<\/div>\n\t\t<\/div>\n\t\t\t\t\t<\/div>\n\t\t<\/section>\n\t\t\t\t<section class=\"elementor-section elementor-top-section elementor-element elementor-element-d4c1755 elementor-section-boxed elementor-section-height-default elementor-section-height-default\" data-id=\"d4c1755\" data-element_type=\"section\">\n\t\t\t\t\t\t<div class=\"elementor-container elementor-column-gap-default\">\n\t\t\t\t\t<div class=\"elementor-column elementor-col-33 elementor-top-column elementor-element elementor-element-cb7bfec\" data-id=\"cb7bfec\" data-element_type=\"column\">\n\t\t\t<div class=\"elementor-widget-wrap elementor-element-populated\">\n\t\t\t\t\t\t<div class=\"elementor-element elementor-element-9d852d0 elementor-widget elementor-widget-image\" data-id=\"9d852d0\" data-element_type=\"widget\" data-widget_type=\"image.default\">\n\t\t\t\t<div class=\"elementor-widget-container\">\n\t\t\t\t\t\t\t\t\t\t\t\t\t\t\t<img decoding=\"async\" src=\"https:\/\/schaubhochl.ch\/wp-content\/uploads\/elementor\/thumbs\/FotoJanineHomepage-re5o5eelzl0oqzi1ei36vyj0ugnlf3hld4uzes3aeo.jpg\" title=\"FotoJanineHomepage\" alt=\"FotoJanineHomepage\" loading=\"lazy\" \/>\t\t\t\t\t\t\t\t\t\t\t\t\t\t\t<\/div>\n\t\t\t\t<\/div>\n\t\t\t\t\t<\/div>\n\t\t<\/div>\n\t\t\t\t<div class=\"elementor-column elementor-col-66 elementor-top-column elementor-element elementor-element-6d293e7\" data-id=\"6d293e7\" data-element_type=\"column\">\n\t\t\t<div class=\"elementor-widget-wrap elementor-element-populated\">\n\t\t\t\t\t\t<div class=\"elementor-element elementor-element-921becc elementor-widget elementor-widget-text-editor\" data-id=\"921becc\" data-element_type=\"widget\" data-widget_type=\"text-editor.default\">\n\t\t\t\t<div class=\"elementor-widget-container\">\n\t\t\t\t\t\t\t\t\t<h2>Janine Zimmermann<\/h2><p>stud.iur.<\/p><h3>Formation \/ Activit\u00e9s:<\/h3><dl><dt>depuis 2025<\/dt><dd>Assistante chez Schaub Hochl Rechtsanw\u00e4lte AG<\/dd><dt>depuis 2020<\/dt><dd>Etudes de droit, Universit\u00e9 de Zurich<\/dd><dt>2013 &#8211; 2019<\/dt><dd>Maturit\u00e9 ax\u00e9e sur le latin, Kantonsschule Rychenberg<\/dd><\/dl><h3>Langues<\/h3><p>Allemand, anglais<\/p><p>\u00a0<\/p>\t\t\t\t\t\t\t\t<\/div>\n\t\t\t\t<\/div>\n\t\t\t\t\t<\/div>\n\t\t<\/div>\n\t\t\t\t\t<\/div>\n\t\t<\/section>\n\t\t\t\t<section class=\"elementor-section elementor-top-section elementor-element elementor-element-827ce9e elementor-section-boxed elementor-section-height-default elementor-section-height-default\" data-id=\"827ce9e\" data-element_type=\"section\">\n\t\t\t\t\t\t<div class=\"elementor-container elementor-column-gap-default\">\n\t\t\t\t\t<div class=\"elementor-column elementor-col-33 elementor-top-column elementor-element elementor-element-725e824\" data-id=\"725e824\" data-element_type=\"column\">\n\t\t\t<div class=\"elementor-widget-wrap elementor-element-populated\">\n\t\t\t\t\t\t<div class=\"elementor-element elementor-element-0108dfe elementor-widget elementor-widget-image\" data-id=\"0108dfe\" data-element_type=\"widget\" data-widget_type=\"image.default\">\n\t\t\t\t<div class=\"elementor-widget-container\">\n\t\t\t\t\t\t\t\t\t\t\t\t\t\t\t<img decoding=\"async\" width=\"944\" height=\"1537\" src=\"https:\/\/schaubhochl.ch\/wp-content\/uploads\/2025\/10\/Charlie-HP4.jpg\" class=\"attachment-full size-full wp-image-3518\" alt=\"\" srcset=\"https:\/\/schaubhochl.ch\/wp-content\/uploads\/2025\/10\/Charlie-HP4.jpg 944w, https:\/\/schaubhochl.ch\/wp-content\/uploads\/2025\/10\/Charlie-HP4-184x300.jpg 184w, https:\/\/schaubhochl.ch\/wp-content\/uploads\/2025\/10\/Charlie-HP4-629x1024.jpg 629w, https:\/\/schaubhochl.ch\/wp-content\/uploads\/2025\/10\/Charlie-HP4-768x1250.jpg 768w\" sizes=\"(max-width: 944px) 100vw, 944px\" \/>\t\t\t\t\t\t\t\t\t\t\t\t\t\t\t<\/div>\n\t\t\t\t<\/div>\n\t\t\t\t\t<\/div>\n\t\t<\/div>\n\t\t\t\t<div class=\"elementor-column elementor-col-66 elementor-top-column elementor-element elementor-element-e1a0492\" data-id=\"e1a0492\" data-element_type=\"column\">\n\t\t\t<div class=\"elementor-widget-wrap elementor-element-populated\">\n\t\t\t\t\t\t<div class=\"elementor-element elementor-element-e10b240 elementor-widget elementor-widget-text-editor\" data-id=\"e10b240\" data-element_type=\"widget\" data-widget_type=\"text-editor.default\">\n\t\t\t\t<div class=\"elementor-widget-container\">\n\t\t\t\t\t\t\t\t\t<h2>Charlie<\/h2><p>Avocat \u00e0 pattes<\/p><p>Gardien calme de la justice<\/p><p>\u00a0<\/p><p>\u00a0<\/p><p>\u00a0<\/p><p>\u00a0<\/p><p>\u00a0<\/p><p>\u00a0<\/p>\t\t\t\t\t\t\t\t<\/div>\n\t\t\t\t<\/div>\n\t\t\t\t\t<\/div>\n\t\t<\/div>\n\t\t\t\t\t<\/div>\n\t\t<\/section>\n\t\t\t\t<section class=\"elementor-section elementor-top-section elementor-element elementor-element-fc3515c elementor-section-boxed elementor-section-height-default elementor-section-height-default\" data-id=\"fc3515c\" data-element_type=\"section\">\n\t\t\t\t\t\t<div class=\"elementor-container elementor-column-gap-default\">\n\t\t\t\t\t<div class=\"elementor-column elementor-col-33 elementor-top-column elementor-element elementor-element-df3b8d3\" data-id=\"df3b8d3\" data-element_type=\"column\">\n\t\t\t<div class=\"elementor-widget-wrap elementor-element-populated\">\n\t\t\t\t\t\t<div class=\"elementor-element elementor-element-77c7b4a elementor-widget elementor-widget-image\" data-id=\"77c7b4a\" data-element_type=\"widget\" data-widget_type=\"image.default\">\n\t\t\t\t<div class=\"elementor-widget-container\">\n\t\t\t\t\t\t\t\t\t\t\t\t\t\t\t<img decoding=\"async\" width=\"926\" height=\"1433\" src=\"https:\/\/schaubhochl.ch\/wp-content\/uploads\/2025\/10\/LouisHP5.jpg\" class=\"attachment-full size-full wp-image-3563\" alt=\"\" srcset=\"https:\/\/schaubhochl.ch\/wp-content\/uploads\/2025\/10\/LouisHP5.jpg 926w, https:\/\/schaubhochl.ch\/wp-content\/uploads\/2025\/10\/LouisHP5-194x300.jpg 194w, https:\/\/schaubhochl.ch\/wp-content\/uploads\/2025\/10\/LouisHP5-662x1024.jpg 662w, https:\/\/schaubhochl.ch\/wp-content\/uploads\/2025\/10\/LouisHP5-768x1188.jpg 768w\" sizes=\"(max-width: 926px) 100vw, 926px\" \/>\t\t\t\t\t\t\t\t\t\t\t\t\t\t\t<\/div>\n\t\t\t\t<\/div>\n\t\t\t\t\t<\/div>\n\t\t<\/div>\n\t\t\t\t<div class=\"elementor-column elementor-col-66 elementor-top-column elementor-element elementor-element-885c3e4\" data-id=\"885c3e4\" data-element_type=\"column\">\n\t\t\t<div class=\"elementor-widget-wrap elementor-element-populated\">\n\t\t\t\t\t\t<div class=\"elementor-element elementor-element-57addd5 elementor-widget elementor-widget-text-editor\" data-id=\"57addd5\" data-element_type=\"widget\" data-widget_type=\"text-editor.default\">\n\t\t\t\t<div class=\"elementor-widget-container\">\n\t\t\t\t\t\t\t\t\t<h2>Louis XIV<\/h2><p>Avocat \u00e0 pattes<\/p><p>Protecteur attentif de la loi et de l&rsquo;ordre<\/p>\t\t\t\t\t\t\t\t<\/div>\n\t\t\t\t<\/div>\n\t\t\t\t\t<\/div>\n\t\t<\/div>\n\t\t\t\t\t<\/div>\n\t\t<\/section>\n\t\t\t\t<section class=\"elementor-section elementor-top-section elementor-element elementor-element-1e6e1a5a elementor-section-boxed elementor-section-height-default elementor-section-height-default\" data-id=\"1e6e1a5a\" data-element_type=\"section\">\n\t\t\t\t\t\t<div class=\"elementor-container elementor-column-gap-default\">\n\t\t\t\t\t<div class=\"elementor-column elementor-col-100 elementor-top-column elementor-element elementor-element-48e0ef9a\" data-id=\"48e0ef9a\" data-element_type=\"column\">\n\t\t\t<div class=\"elementor-widget-wrap\">\n\t\t\t\t\t\t\t<\/div>\n\t\t<\/div>\n\t\t\t\t\t<\/div>\n\t\t<\/section>\n\t\t\t\t<\/div>\n\t\t","protected":false},"excerpt":{"rendered":"<p>Rubina Chouhan MLaw Formation \/ Activit\u00e9s: depuis 2024 Assistante chez Schaub Hochl Rechtsanw\u00e4lte AG depuis 2019 Etudes de droit, Universit\u00e9 de Zurich 2012 &#8211; 2018 Maturit\u00e9 ax\u00e9e sur l&rsquo;espagnol, Kantonsschule Rychenberg Langues Allemand, anglais, fran\u00e7ais, espagnol Janine Zimmermann stud.iur. Formation \/ Activit\u00e9s: depuis 2025 Assistante chez Schaub Hochl Rechtsanw\u00e4lte AG depuis 2020 Etudes de droit, &#8230; <a title=\"Collaborateurs\" class=\"read-more\" href=\"https:\/\/schaubhochl.ch\/fr\/collaborateurs\/\" aria-label=\"En savoir plus sur Collaborateurs\">Lire plus<\/a><\/p>\n","protected":false},"author":1,"featured_media":1694,"parent":0,"menu_order":3,"comment_status":"closed","ping_status":"closed","template":"","meta":{"generate_page_header":"","footnotes":""},"class_list":{"0":"post-767","1":"page","2":"type-page","3":"status-publish","4":"has-post-thumbnail","6":"p847"},"publishpress_future_action":{"enabled":false,"date":"2026-05-08 18:30:26","action":"change-status","newStatus":"draft","terms":[],"taxonomy":"translation_priority","extraData":[]},"publishpress_future_workflow_manual_trigger":{"enabledWorkflows":[]},"_links":{"self":[{"href":"https:\/\/schaubhochl.ch\/fr\/wp-json\/wp\/v2\/pages\/767","targetHints":{"allow":["GET"]}}],"collection":[{"href":"https:\/\/schaubhochl.ch\/fr\/wp-json\/wp\/v2\/pages"}],"about":[{"href":"https:\/\/schaubhochl.ch\/fr\/wp-json\/wp\/v2\/types\/page"}],"author":[{"embeddable":true,"href":"https:\/\/schaubhochl.ch\/fr\/wp-json\/wp\/v2\/users\/1"}],"replies":[{"embeddable":true,"href":"https:\/\/schaubhochl.ch\/fr\/wp-json\/wp\/v2\/comments?post=767"}],"version-history":[{"count":70,"href":"https:\/\/schaubhochl.ch\/fr\/wp-json\/wp\/v2\/pages\/767\/revisions"}],"predecessor-version":[{"id":3657,"href":"https:\/\/schaubhochl.ch\/fr\/wp-json\/wp\/v2\/pages\/767\/revisions\/3657"}],"wp:featuredmedia":[{"embeddable":true,"href":"https:\/\/schaubhochl.ch\/fr\/wp-json\/wp\/v2\/media\/1694"}],"wp:attachment":[{"href":"https:\/\/schaubhochl.ch\/fr\/wp-json\/wp\/v2\/media?parent=767"}],"curies":[{"name":"wp","href":"https:\/\/api.w.org\/{rel}","templated":true}]}}