  {"id":744,"date":"2019-01-07T10:48:54","date_gmt":"2019-01-07T10:48:54","guid":{"rendered":"http:\/\/schaubho.cyon.link\/?page_id=744"},"modified":"2019-04-02T10:59:17","modified_gmt":"2019-04-02T08:59:17","slug":"impressum","status":"publish","type":"page","link":"https:\/\/schaubhochl.ch\/fr\/impressum\/","title":{"rendered":"Impressum"},"content":{"rendered":"<p>Schaub Hochl Rechtsanw\u00e4lte AG<br \/>\nTheaterstrasse 29<br \/>\nCH-8401 Winterthur<\/p>\n<p>Tel. +41 52 213 35 35<br \/>\n<a href=\"mailto:info@schaubhochl.ch\">E-Mail<\/a><\/p>\n<p>Handelsregister-Nummer: <span class=\"firmaImportantInfo\">CHE-114.110.919<\/span><\/p>\n<p><strong>Haftungsausschluss<\/strong><br \/>\nDie Informationen auf dieser Webseite haben wir nach bestem Wissen und Gewissen zusammengestellt. Wir k\u00f6nnen allerdings keine Gew\u00e4hr hinsichtlich der inhaltlichen Richtigkeit, Genauigkeit, Aktualit\u00e4t und Vollst\u00e4ndigkeit \u00fcbernehmen. Haftungsanspr\u00fcche aufgrund von Sch\u00e4den, die im Zusammenhang mit der Nutzung der ver\u00f6ffentlichten Informationen entstanden sind, werden ausgeschlossen.<\/p>\n","protected":false},"excerpt":{"rendered":"<p>Schaub Hochl Rechtsanw\u00e4lte AG Theaterstrasse 29 CH-8401 Winterthur Tel. +41 52 213 35 35 E-Mail Handelsregister-Nummer: CHE-114.110.919 Haftungsausschluss Die Informationen auf dieser Webseite haben wir nach bestem Wissen und Gewissen zusammengestellt. Wir k\u00f6nnen allerdings keine Gew\u00e4hr hinsichtlich der inhaltlichen Richtigkeit, Genauigkeit, Aktualit\u00e4t und Vollst\u00e4ndigkeit \u00fcbernehmen. Haftungsanspr\u00fcche aufgrund von Sch\u00e4den, die im Zusammenhang mit der Nutzung &#8230; <a title=\"Impressum\" class=\"read-more\" href=\"https:\/\/schaubhochl.ch\/fr\/impressum\/\" aria-label=\"En savoir plus sur Impressum\">Lire plus<\/a><\/p>\n","protected":false},"author":1,"featured_media":0,"parent":0,"menu_order":7,"comment_status":"closed","ping_status":"closed","template":"","meta":{"generate_page_header":"","footnotes":""},"class_list":["post-744","page","type-page","status-publish"],"publishpress_future_action":{"enabled":false,"date":"2026-05-02 20:48:59","action":"change-status","newStatus":"draft","terms":[],"taxonomy":"translation_priority","extraData":[]},"publishpress_future_workflow_manual_trigger":{"enabledWorkflows":[]},"_links":{"self":[{"href":"https:\/\/schaubhochl.ch\/fr\/wp-json\/wp\/v2\/pages\/744","targetHints":{"allow":["GET"]}}],"collection":[{"href":"https:\/\/schaubhochl.ch\/fr\/wp-json\/wp\/v2\/pages"}],"about":[{"href":"https:\/\/schaubhochl.ch\/fr\/wp-json\/wp\/v2\/types\/page"}],"author":[{"embeddable":true,"href":"https:\/\/schaubhochl.ch\/fr\/wp-json\/wp\/v2\/users\/1"}],"replies":[{"embeddable":true,"href":"https:\/\/schaubhochl.ch\/fr\/wp-json\/wp\/v2\/comments?post=744"}],"version-history":[{"count":4,"href":"https:\/\/schaubhochl.ch\/fr\/wp-json\/wp\/v2\/pages\/744\/revisions"}],"predecessor-version":[{"id":1166,"href":"https:\/\/schaubhochl.ch\/fr\/wp-json\/wp\/v2\/pages\/744\/revisions\/1166"}],"wp:attachment":[{"href":"https:\/\/schaubhochl.ch\/fr\/wp-json\/wp\/v2\/media?parent=744"}],"curies":[{"name":"wp","href":"https:\/\/api.w.org\/{rel}","templated":true}]}}