  {"id":2567,"date":"2020-12-21T12:44:02","date_gmt":"2020-12-21T11:44:02","guid":{"rendered":"https:\/\/schaubhochl.ch\/avocates\/mirjam-stanek-braendle\/"},"modified":"2025-05-05T16:56:05","modified_gmt":"2025-05-05T14:56:05","slug":"mirjam-stanek-braendle","status":"publish","type":"page","link":"https:\/\/schaubhochl.ch\/fr\/avocates\/mirjam-stanek-braendle\/","title":{"rendered":"Mirjam Stanek Br\u00e4ndle"},"content":{"rendered":"\t\t<div data-elementor-type=\"wp-page\" data-elementor-id=\"2567\" class=\"elementor elementor-2567 elementor-2499\" data-elementor-post-type=\"page\">\n\t\t\t\t\t\t<section class=\"elementor-section elementor-top-section elementor-element elementor-element-519fc77 elementor-section-boxed elementor-section-height-default elementor-section-height-default\" data-id=\"519fc77\" data-element_type=\"section\">\n\t\t\t\t\t\t<div class=\"elementor-container elementor-column-gap-default\">\n\t\t\t\t\t<div class=\"elementor-column elementor-col-100 elementor-top-column elementor-element elementor-element-46a39eb\" data-id=\"46a39eb\" data-element_type=\"column\">\n\t\t\t<div class=\"elementor-widget-wrap elementor-element-populated\">\n\t\t\t\t\t\t<div class=\"elementor-element elementor-element-9e17e11 elementor-widget elementor-widget-text-editor\" data-id=\"9e17e11\" data-element_type=\"widget\" data-widget_type=\"text-editor.default\">\n\t\t\t\t<div class=\"elementor-widget-container\">\n\t\t\t\t\t\t\t\t\t<h4 class=\"job-title\">Avocate, lic. iur.<\/h4>\t\t\t\t\t\t\t\t<\/div>\n\t\t\t\t<\/div>\n\t\t\t\t\t<\/div>\n\t\t<\/div>\n\t\t\t\t\t<\/div>\n\t\t<\/section>\n\t\t\t\t<section class=\"elementor-section elementor-top-section elementor-element elementor-element-3d27750 elementor-section-boxed elementor-section-height-default elementor-section-height-default\" data-id=\"3d27750\" data-element_type=\"section\">\n\t\t\t\t\t\t<div class=\"elementor-container elementor-column-gap-default\">\n\t\t\t\t\t<div class=\"elementor-column elementor-col-100 elementor-top-column elementor-element elementor-element-6f114ae\" data-id=\"6f114ae\" data-element_type=\"column\">\n\t\t\t<div class=\"elementor-widget-wrap elementor-element-populated\">\n\t\t\t\t\t\t<div class=\"elementor-element elementor-element-e1c3fd6 elementor-widget elementor-widget-text-editor\" data-id=\"e1c3fd6\" data-element_type=\"widget\" data-widget_type=\"text-editor.default\">\n\t\t\t\t<div class=\"elementor-widget-container\">\n\t\t\t\t\t\t\t\t\t<p>Je pr\u00e9f\u00e8re vous soutenir dans tous les domaines du droit de la s\u00e9curit\u00e9 sociale et du droit g\u00e9n\u00e9ral des assurances. En outre, je m&rsquo;occupe de toutes les questions relatives au droit de la location et du travail, au divorce et au droit de la famille, ainsi qu&rsquo;au droit des successions et des contraventions.<\/p>\t\t\t\t\t\t\t\t<\/div>\n\t\t\t\t<\/div>\n\t\t\t\t\t<\/div>\n\t\t<\/div>\n\t\t\t\t\t<\/div>\n\t\t<\/section>\n\t\t\t\t<section class=\"elementor-section elementor-top-section elementor-element elementor-element-def6ebb elementor-section-boxed elementor-section-height-default elementor-section-height-default\" data-id=\"def6ebb\" data-element_type=\"section\">\n\t\t\t\t\t\t<div class=\"elementor-container elementor-column-gap-default\">\n\t\t\t\t\t<div class=\"elementor-column elementor-col-100 elementor-top-column elementor-element elementor-element-250ad23\" data-id=\"250ad23\" data-element_type=\"column\">\n\t\t\t<div class=\"elementor-widget-wrap elementor-element-populated\">\n\t\t\t\t\t\t<div class=\"elementor-element elementor-element-5e61714 elementor-tabs-view-horizontal elementor-widget elementor-widget-tabs\" data-id=\"5e61714\" data-element_type=\"widget\" data-widget_type=\"tabs.default\">\n\t\t\t\t<div class=\"elementor-widget-container\">\n\t\t\t\t\t\t\t<div class=\"elementor-tabs\">\n\t\t\t<div class=\"elementor-tabs-wrapper\" role=\"tablist\" >\n\t\t\t\t\t\t\t\t\t<div id=\"elementor-tab-title-9891\" class=\"elementor-tab-title elementor-tab-desktop-title\" aria-selected=\"true\" data-tab=\"1\" role=\"tab\" tabindex=\"0\" aria-controls=\"elementor-tab-content-9891\" aria-expanded=\"false\">Services<\/div>\n\t\t\t\t\t\t\t\t\t<div id=\"elementor-tab-title-9892\" class=\"elementor-tab-title elementor-tab-desktop-title\" aria-selected=\"false\" data-tab=\"2\" role=\"tab\" tabindex=\"-1\" aria-controls=\"elementor-tab-content-9892\" aria-expanded=\"false\">Portrait<\/div>\n\t\t\t\t\t\t\t\t\t<div id=\"elementor-tab-title-9893\" class=\"elementor-tab-title elementor-tab-desktop-title\" aria-selected=\"false\" data-tab=\"3\" role=\"tab\" tabindex=\"-1\" aria-controls=\"elementor-tab-content-9893\" aria-expanded=\"false\">Publications<\/div>\n\t\t\t\t\t\t\t<\/div>\n\t\t\t<div class=\"elementor-tabs-content-wrapper\" role=\"tablist\" aria-orientation=\"vertical\">\n\t\t\t\t\t\t\t\t\t<div class=\"elementor-tab-title elementor-tab-mobile-title\" aria-selected=\"true\" data-tab=\"1\" role=\"tab\" tabindex=\"0\" aria-controls=\"elementor-tab-content-9891\" aria-expanded=\"false\">Services<\/div>\n\t\t\t\t\t<div id=\"elementor-tab-content-9891\" class=\"elementor-tab-content elementor-clearfix\" data-tab=\"1\" role=\"tabpanel\" aria-labelledby=\"elementor-tab-title-9891\" tabindex=\"0\" hidden=\"false\"><div class=\"ghostkit-tabs-content\"><div class=\"ghostkit-tab\" data-tab=\"1\"><h3>Droit des assurances sociales<\/h3><ul><li>Conseils g\u00e9n\u00e9raux et \u00e9valuation des dossiers IV<\/li><li>Conseil et repr\u00e9sentation dans les litiges relatifs \u00e0 l&rsquo;assurance invalidit\u00e9 (AI) et contestation des d\u00e9cisions pr\u00e9judicielles et des arr\u00eats correspondants devant le Tribunal f\u00e9d\u00e9ral<\/li><li>Conseil et repr\u00e9sentation dans toutes les questions relatives aux pensions professionnelles, aux pensions de vieillesse, aux prestations compl\u00e9mentaires et\/ou suppl\u00e9mentaires, ainsi qu&rsquo;au recours contre les d\u00e9cisions correspondantes<\/li><li>Conseil et repr\u00e9sentation dans les litiges d\u00e9coulant de la loi sur l&rsquo;assurance accidents, de la loi sur l&rsquo;assurance maladie et de la loi sur le contrat d&rsquo;assurance, ainsi que l&rsquo;ex\u00e9cution des d\u00e9cisions correspondantes<\/li><\/ul><h3>Droit p\u00e9nal<\/h3><ul><li>Droit de la conduite et proc\u00e9dures administratives, en particulier le retrait du permis de conduire<\/li><li>\u00c9valuation et appel des amendes impos\u00e9es par les magistrats municipaux ou les bureaux des gouverneurs<\/li><\/ul><h3>Droit du travail<\/h3><ul><li>R\u00e9daction et conclusion de contrats de travail<\/li><li>R\u00e9siliations, avertissements et d\u00e9clarations d&rsquo;exemption<\/li><li>R\u00e9f\u00e9rences d&#8217;emploi et leurs adaptations<\/li><li>R\u00e9clamations salariales, gratifications et primes<\/li><li>Indemnisation du ch\u00f4mage partiel<\/li><li>Obtenir un permis de travail<\/li><\/ul><h3>Divorce et s\u00e9paration<\/h3><ul><li>Protection du mariage (\u201cEheschutz\u201d)<\/li><li>Divorce \/ S\u00e9paration<\/li><li>Dissolution du partenariat enregistr\u00e9<\/li><li>R\u00e9daction d\u2019accords de s\u00e9paration et de divorce<\/li><li>Modification des jugements sur le divorce<\/li><\/ul><h3>Droit du bail<\/h3><ul><li>Questions relatives \u00e0 la conclusion et \u00e0 la r\u00e9siliation des contrats<\/li><li>Ajustements, augmentations et diminutions de loyer<\/li><li>Prolongation des baux<\/li><li>Comptes de chauffage et de frais annexes<\/li><li>Demandes de dommages-int\u00e9r\u00eats en cas de d\u00e9m\u00e9nagement<\/li><\/ul><h3>Droit de successions<\/h3><ul><li>Mandat de protection, directives anticip\u00e9es<\/li><li>Partages de successions, pr\u00e9paration des contrats de succession, gestion de successions<\/li><li>Ex\u00e9cution testamentaire<\/li><li>Vente de biens immobiliers<\/li><\/ul><\/div><\/div><\/div>\n\t\t\t\t\t\t\t\t\t<div class=\"elementor-tab-title elementor-tab-mobile-title\" aria-selected=\"false\" data-tab=\"2\" role=\"tab\" tabindex=\"-1\" aria-controls=\"elementor-tab-content-9892\" aria-expanded=\"false\">Portrait<\/div>\n\t\t\t\t\t<div id=\"elementor-tab-content-9892\" class=\"elementor-tab-content elementor-clearfix\" data-tab=\"2\" role=\"tabpanel\" aria-labelledby=\"elementor-tab-title-9892\" tabindex=\"0\" hidden=\"hidden\"><h3>Langues<\/h3><dl>Allemand, anglais, fran\u00e7ais<\/dl><h3>Formation<\/h3><dl><dt>2001<\/dt><dd>Brevet d\u2019avocat du canton de Zurich<\/dd><dt>1997<\/dt><dd>Licence<\/dd><\/dl><h3>Formations continues<\/h3><dl><dt>2019<\/dt><dd>S\u00e9minaire sur la loi sur le blanchiment d&rsquo;argent (LBA)<\/dd><dt>2019<\/dt><dd>Droit du travail : \u00e9viter les blocages juridiques au travail<\/dd><dt>2019<\/dt><dd>R\u00e9daction de contrats internationaux pour les professionnels<\/dd><dt>2019<\/dt><dd>Formation de base sur la loi sur le blanchiment d&rsquo;argent<\/dd><dt>2019<\/dt><dd>Conf\u00e9rence de Saint-Gall sur le droit du travail 2019, Conf\u00e9rence du Grand Casino de Lucerne<\/dd><dt>2017<\/dt><dd>R\u00e9vision de la loi sur la compensation des pensions en cas de divorce, Conf\u00e9rence de Zurich<\/dd><dt>2013<\/dt><dd>Journ\u00e9e du droit des successions \u00e0 Saint-Gall, Conf\u00e9rence de Zurich<\/dd><dt>2011<\/dt><dd>ZPR, Nouvelle proc\u00e9dure civile, Conf\u00e9rence de Zurich<\/dd><dt>2011<\/dt><dd>Conf\u00e9rence sur le Code suisse de proc\u00e9dure civile &#8211; Proc\u00e9dures en mati\u00e8re de droit de la famille, Conf\u00e9rence de Zurich<\/dd><dt>2010<\/dt><dd>Nouvelle proc\u00e9dure civile, Conf\u00e9rence de Zurich<\/dd><dt>2010<\/dt><dd>Nouvelle proc\u00e9dure p\u00e9nale, Conf\u00e9rence de Zurich<\/dd><dt>2003<\/dt><dd>\u00ab\u00a0Rendement net\/brut, coutumes locales et de voisinage\u00a0\u00bb, s\u00e9minaire mietrechtspraxis<\/dd><\/dl><h3>Activit\u00e9s professionnelles<\/h3><dl><dt>depuis 2023<\/dt><dd>Partenaire chez Schaub Hochl Rechtsanw\u00e4lte<\/dd><dt>2021 &#8211; 2023<\/dt><dd>Avocate ind\u00e9pendante chez Schaub Hochl Rechtsanw\u00e4lte AG<\/dd><dt>2018 &#8211; 2020<\/dt><dd>Avocate chez OBT AG<\/dd><dt>2005 &#8211; 2019<\/dt><dd>Partenaire chez Obergass Rechtsanw\u00e4lte<\/dd><dt><\/dt><dt>2004 &#8211; 2007<\/dt><dd>Juge de police de la ville de Winterthur<\/dd><dt>2000 &#8211; 2003<\/dt><dd>Avocate chez Axa ARAG Rechtschutzversicherung<\/dd><dd><\/dd><\/dl><h3>Membres<\/h3><ul><li>F\u00e9d\u00e9ration zurichoise des avocats, F\u00e9d\u00e9ration suisse des avocats<\/li><\/ul><\/div>\n\t\t\t\t\t\t\t\t\t<div class=\"elementor-tab-title elementor-tab-mobile-title\" aria-selected=\"false\" data-tab=\"3\" role=\"tab\" tabindex=\"-1\" aria-controls=\"elementor-tab-content-9893\" aria-expanded=\"false\">Publications<\/div>\n\t\t\t\t\t<div id=\"elementor-tab-content-9893\" class=\"elementor-tab-content elementor-clearfix\" data-tab=\"3\" role=\"tabpanel\" aria-labelledby=\"elementor-tab-title-9893\" tabindex=\"0\" hidden=\"hidden\"><h2>Themen<\/h2><p><div class=\"publications-person\"><h3 class=\"publications-category\">Arbeitsrecht<\/h3><div class=\"grid-element publication post-2739 publications type-publications status-publish hentry publications_category-arbeitsrecht-fr p2458\" id=\"post-2739\"><a href=\"https:\/\/schaubhochl.ch\/fr\/publications\/home-office-rahmenbedingungen-schriftlich-regeln\/\">Home-Office \u2013 Rahmenbedingungen schriftlich regeln<\/a><\/div>\n<div class=\"grid-element publication post-2690 publications type-publications status-publish hentry publications_category-arbeitsrecht-fr publications_category-sozialversicherungsrecht p2458\" id=\"post-2690\"><a href=\"https:\/\/schaubhochl.ch\/fr\/publications\/vaterschaftsurlaub-neu-seit-januar-2021\/\">Vaterschaftsurlaub \u2013 neu seit Januar 2021<\/a><\/div>\n<\/div><\/p><\/div>\n\t\t\t\t\t\t\t<\/div>\n\t\t<\/div>\n\t\t\t\t\t\t<\/div>\n\t\t\t\t<\/div>\n\t\t\t\t\t<\/div>\n\t\t<\/div>\n\t\t\t\t\t<\/div>\n\t\t<\/section>\n\t\t\t\t<\/div>\n\t\t","protected":false},"excerpt":{"rendered":"<p>Avocate, lic. iur. Je pr\u00e9f\u00e8re vous soutenir dans tous les domaines du droit de la s\u00e9curit\u00e9 sociale et du droit g\u00e9n\u00e9ral des assurances. En outre, je m&rsquo;occupe de toutes les questions relatives au droit de la location et du travail, au divorce et au droit de la famille, ainsi qu&rsquo;au droit des successions et des &#8230; <a title=\"Mirjam Stanek Br\u00e4ndle\" class=\"read-more\" href=\"https:\/\/schaubhochl.ch\/fr\/avocates\/mirjam-stanek-braendle\/\" aria-label=\"En savoir plus sur Mirjam Stanek Br\u00e4ndle\">Lire plus<\/a><\/p>\n","protected":false},"author":2,"featured_media":119,"parent":719,"menu_order":1,"comment_status":"closed","ping_status":"closed","template":"","meta":{"generate_page_header":"","footnotes":""},"class_list":{"0":"post-2567","1":"page","2":"type-page","3":"status-publish","4":"has-post-thumbnail","6":"p2534"},"publishpress_future_action":{"enabled":false,"date":"2026-04-24 11:45:39","action":"change-status","newStatus":"draft","terms":[],"taxonomy":"translation_priority","extraData":[]},"publishpress_future_workflow_manual_trigger":{"enabledWorkflows":[]},"_links":{"self":[{"href":"https:\/\/schaubhochl.ch\/fr\/wp-json\/wp\/v2\/pages\/2567","targetHints":{"allow":["GET"]}}],"collection":[{"href":"https:\/\/schaubhochl.ch\/fr\/wp-json\/wp\/v2\/pages"}],"about":[{"href":"https:\/\/schaubhochl.ch\/fr\/wp-json\/wp\/v2\/types\/page"}],"author":[{"embeddable":true,"href":"https:\/\/schaubhochl.ch\/fr\/wp-json\/wp\/v2\/users\/2"}],"replies":[{"embeddable":true,"href":"https:\/\/schaubhochl.ch\/fr\/wp-json\/wp\/v2\/comments?post=2567"}],"version-history":[{"count":16,"href":"https:\/\/schaubhochl.ch\/fr\/wp-json\/wp\/v2\/pages\/2567\/revisions"}],"predecessor-version":[{"id":3430,"href":"https:\/\/schaubhochl.ch\/fr\/wp-json\/wp\/v2\/pages\/2567\/revisions\/3430"}],"up":[{"embeddable":true,"href":"https:\/\/schaubhochl.ch\/fr\/wp-json\/wp\/v2\/pages\/719"}],"wp:featuredmedia":[{"embeddable":true,"href":"https:\/\/schaubhochl.ch\/fr\/wp-json\/wp\/v2\/media\/119"}],"wp:attachment":[{"href":"https:\/\/schaubhochl.ch\/fr\/wp-json\/wp\/v2\/media?parent=2567"}],"curies":[{"name":"wp","href":"https:\/\/api.w.org\/{rel}","templated":true}]}}